{"id":1109,"date":"2021-11-15T15:51:26","date_gmt":"2021-11-15T18:51:26","guid":{"rendered":"https:\/\/www.lifeaudiologia.com.br\/?page_id=1109"},"modified":"2022-06-05T15:10:45","modified_gmt":"2022-06-05T18:10:45","slug":"aparelho-auditivo-rexton-8c","status":"publish","type":"page","link":"https:\/\/www.lifeaudiologia.com.br\/?page_id=1109","title":{"rendered":"Aparelho Auditivo Rexton 8C"},"content":{"rendered":"<section class=\"l-section wpb_row height_medium color_alternate with_img with_overlay\"><div class=\"l-section-img\" style=\"background-image: url(https:\/\/www.lifeaudiologia.com.br\/wp-content\/uploads\/2020\/09\/phonak_marvel_fundo.jpg);\" data-img-width=\"1920\" data-img-height=\"1080\"><\/div><div class=\"l-section-overlay\" style=\"background-color: rgba(247,247,247,0.93)\"><\/div><div class=\"l-section-h i-cf\"><div class=\"g-cols offset_small\"><div class=\"vc_col-sm-12 wpb_column vc_column_container\"><div class=\"vc_column-inner\"><div class=\"wpb_text_column \"><div class=\"wpb_wrapper\">\n<h1 class=\"headline-view__heading component-theme__header\">REXTON inoX CIC 8C MyCore<\/h1>\n<h3><strong>Aparelho Auditivo Ultra Discreto<\/strong><\/h3>\n<\/div> <\/div> <\/div><\/div><\/div><\/div><\/section><section class=\"l-section wpb_row height_medium\"><div class=\"l-section-h i-cf\"><div class=\"g-cols offset_small\"><div class=\"vc_col-sm-6 wpb_column vc_column_container\"><div class=\"vc_column-inner\"><div class=\"g-cols wpb_row offset_none vc_inner \"><div class=\"vc_col-sm-12 wpb_column vc_column_container\"><div class=\"vc_column-inner\"><div class=\"wpb_text_column \"><div class=\"wpb_wrapper\">\n<h5 style=\"text-align: center;\"><strong>ADAPTA\u00c7\u00c3O IMEDIATA<\/strong><\/h5>\n<\/div> <\/div> <div class=\"w-separator type_default size_small thick_1 style_solid color_border cont_icon\"><span class=\"w-separator-h\"><i class=\"fa fa-chevron-down\"><\/i><\/span><\/div><div class=\"wpb_text_column \"><div class=\"wpb_wrapper\">\n<div>\n<div data-cq-component=\"text\">\n<div class=\"text_8 text parbase\">\n<h6>Combina conforto e apelo est\u00e9tico de se adaptar invisivelmente na orelha. inoX 8C \u00e9 o aparelho auditivo de adapta\u00e7\u00e3o imediata que combina o melhor da est\u00e9tica com a tecnologia MyCore.<\/h6>\n<h6>Compat\u00edvel com o Rexton App e Acess\u00f3rios.<\/h6>\n<\/div>\n<\/div>\n<\/div>\n<\/div> <\/div> <\/div><\/div><\/div><\/div><\/div><div class=\"vc_col-sm-6 wpb_column vc_column_container\"><div class=\"vc_column-inner\"><div class=\"g-cols wpb_row offset_none vc_inner \"><div class=\"vc_col-sm-12 wpb_column vc_column_container\"><div class=\"vc_column-inner\"><div class=\"w-image \"><img loading=\"lazy\" decoding=\"async\" width=\"300\" height=\"300\" src=\"https:\/\/www.lifeaudiologia.com.br\/wp-content\/uploads\/2021\/11\/inox8c_300_orelha.png\" class=\"attachment-medium size-medium\" alt=\"Aparelho Auditivo Ultra Discreto Rexton inox 8c\" srcset=\"https:\/\/www.lifeaudiologia.com.br\/wp-content\/uploads\/2021\/11\/inox8c_300_orelha.png 300w, https:\/\/www.lifeaudiologia.com.br\/wp-content\/uploads\/2021\/11\/inox8c_300_orelha-150x150.png 150w\" sizes=\"auto, (max-width: 300px) 100vw, 300px\" \/><\/div><\/div><\/div><\/div><\/div><\/div><\/div><\/div><\/section><section class=\"l-section wpb_row height_small\"><div class=\"l-section-h i-cf\"><div class=\"g-cols offset_small\"><div class=\"vc_col-sm-6 wpb_column vc_column_container\"><div class=\"vc_column-inner\"><div class=\"w-separator type_invisible size_small thick_1 style_solid color_border cont_none\"><span class=\"w-separator-h\"><\/span><\/div><div class=\"w-image \"><img loading=\"lazy\" decoding=\"async\" width=\"300\" height=\"300\" src=\"https:\/\/www.lifeaudiologia.com.br\/wp-content\/uploads\/2021\/11\/mycore_300.png\" class=\"attachment-medium size-medium\" alt=\"Aparelho Auditivo Ultra Discreto Rexton inox 8c\" srcset=\"https:\/\/www.lifeaudiologia.com.br\/wp-content\/uploads\/2021\/11\/mycore_300.png 300w, https:\/\/www.lifeaudiologia.com.br\/wp-content\/uploads\/2021\/11\/mycore_300-150x150.png 150w\" sizes=\"auto, (max-width: 300px) 100vw, 300px\" \/><\/div><\/div><\/div><div class=\"vc_col-sm-6 wpb_column vc_column_container\"><div class=\"vc_column-inner\"><div class=\"wpb_text_column \"><div class=\"wpb_wrapper\">\n<h5 style=\"text-transform: uppercase; text-align: center;\"><strong>Solu\u00e7\u00f5es auditivas cros<\/strong><\/h5>\n<\/div> <\/div> <div class=\"w-separator type_default size_small thick_1 style_solid color_border cont_icon\"><span class=\"w-separator-h\"><i class=\"fa fa-chevron-down\"><\/i><\/span><\/div><div class=\"wpb_text_column \"><div class=\"wpb_wrapper\">\n<h6>As solu\u00e7\u00f5es auditivas CROS da Rexton tem uma abordagem confi\u00e1vel para a audi\u00e7\u00e3o unilateral. A solu\u00e7\u00e3o CROS envia a entrada ac\u00fastica que chega ao ouvido surdo para o aparelho auditivo no ouvido funcional.<\/h6>\n<h6>Dessa forma, voc\u00ea pode contar em ouvir tudo ao seu redor da melhor maneira poss\u00edvel. As solu\u00e7\u00f5es CROS usam uma tecnologia de sincroniza\u00e7\u00e3o sem fio muito eficiente em termos de energia, resultando em uma autonomia de bateria muito longa.<\/h6>\n<\/div> <\/div> <\/div><\/div><\/div><\/div><\/section><section class=\"l-section wpb_row height_medium\"><div class=\"l-section-h i-cf\"><div class=\"g-cols offset_small\"><div class=\"vc_col-sm-6 wpb_column vc_column_container\"><div class=\"vc_column-inner\"><div class=\"g-cols wpb_row offset_none vc_inner \"><div class=\"vc_col-sm-12 wpb_column vc_column_container\"><div class=\"vc_column-inner\"><div class=\"wpb_text_column \"><div class=\"wpb_wrapper\">\n<h5 style=\"text-transform: uppercase; text-align: center;\"><strong>Rexton app<\/strong><\/h5>\n<\/div> <\/div> <div class=\"w-separator type_default size_small thick_1 style_solid color_border cont_icon\"><span class=\"w-separator-h\"><i class=\"fa fa-chevron-down\"><\/i><\/span><\/div><div class=\"wpb_text_column \"><div class=\"wpb_wrapper\">\n<div data-cq-component=\"text\">\n<div class=\"text_8 text parbase\">\n<h6>O Rexton App est\u00e1 dispon\u00edvel tanto para iPhone quanto para smartphones Android. \u00c9 seu companheiro multifuncional para controlar fun\u00e7\u00f5es como volume, mudar programas, padr\u00e3o de microfone, etc.<\/h6>\n<\/div>\n<\/div>\n<\/div> <\/div> <div class=\"w-separator type_invisible size_small thick_1 style_solid color_border cont_none\"><span class=\"w-separator-h\"><\/span><\/div><\/div><\/div><\/div><\/div><\/div><div class=\"vc_col-sm-6 wpb_column vc_column_container\"><div class=\"vc_column-inner\"><div class=\"w-separator type_invisible size_medium thick_1 style_solid color_border cont_none\"><span class=\"w-separator-h\"><\/span><\/div><div class=\"w-image \"><img loading=\"lazy\" decoding=\"async\" width=\"300\" height=\"300\" src=\"https:\/\/www.lifeaudiologia.com.br\/wp-content\/uploads\/2021\/11\/inox_app_300.png\" class=\"attachment-medium size-medium\" alt=\"Aplicativo - Aparelho Auditivo Ultra Discreto Rexton inox 8c\" srcset=\"https:\/\/www.lifeaudiologia.com.br\/wp-content\/uploads\/2021\/11\/inox_app_300.png 300w, https:\/\/www.lifeaudiologia.com.br\/wp-content\/uploads\/2021\/11\/inox_app_300-150x150.png 150w\" sizes=\"auto, (max-width: 300px) 100vw, 300px\" \/><\/div><\/div><\/div><\/div><\/div><\/section><section class=\"l-section wpb_row height_small\"><div class=\"l-section-h i-cf\"><div class=\"g-cols offset_small\"><div class=\"vc_col-sm-6 wpb_column vc_column_container\"><div class=\"vc_column-inner\"><div class=\"w-image \"><img loading=\"lazy\" decoding=\"async\" width=\"300\" height=\"300\" src=\"https:\/\/www.lifeaudiologia.com.br\/wp-content\/uploads\/2021\/11\/inox8c_300_smart.png\" class=\"attachment-tnail-masonry size-tnail-masonry\" alt=\"Smart Key - Aparelho Auditivo Ultra Discreto Rexton inox 8c\" srcset=\"https:\/\/www.lifeaudiologia.com.br\/wp-content\/uploads\/2021\/11\/inox8c_300_smart.png 300w, https:\/\/www.lifeaudiologia.com.br\/wp-content\/uploads\/2021\/11\/inox8c_300_smart-150x150.png 150w\" sizes=\"auto, (max-width: 300px) 100vw, 300px\" \/><\/div><\/div><\/div><div class=\"vc_col-sm-6 wpb_column vc_column_container\"><div class=\"vc_column-inner\"><div class=\"wpb_text_column \"><div class=\"wpb_wrapper\">\n<h5 style=\"text-transform: uppercase; text-align: center;\"><strong>smart key<\/strong><\/h5>\n<\/div> <\/div> <div class=\"w-separator type_default size_small thick_1 style_solid color_border cont_icon\"><span class=\"w-separator-h\"><i class=\"fa fa-chevron-down\"><\/i><\/span><\/div><div class=\"wpb_text_column \"><div class=\"wpb_wrapper\">\n<h6>Controle remoto pequeno, discreto, conveniente e bot\u00f5es f\u00e1ceis de usar. Para uso com quase todos os aparelhos auditivos Rexton.<\/h6>\n<\/div> <\/div> <div class=\"w-separator type_invisible size_small thick_1 style_solid color_border cont_none\"><span class=\"w-separator-h\"><\/span><\/div><\/div><\/div><\/div><\/div><\/section><section class=\"l-section wpb_row height_medium color_primary\"><div class=\"l-section-h i-cf\"><div class=\"g-cols offset_small\"><div class=\"vc_col-sm-12 wpb_column vc_column_container\"><div class=\"vc_column-inner\"><div class=\"g-cols wpb_row offset_small vc_inner \"><div class=\"vc_col-sm-12 wpb_column vc_column_container\"><div class=\"vc_column-inner\"><div class=\"wpb_text_column \"><div class=\"wpb_wrapper\">\n<h3>Aparelho Auditivo <strong>Rexton inoX 8c<\/strong><\/h3>\n<\/div> <\/div> <div class=\"w-separator type_invisible size_medium thick_1 style_solid color_border cont_none\"><span class=\"w-separator-h\"><\/span><\/div><\/div><\/div><\/div><div class=\"g-cols wpb_row offset_small vc_inner \"><div class=\"vc_col-sm-12 wpb_column vc_column_container\"><div class=\"vc_column-inner\"><div class=\"smile_icon_list_wrap ult-adjust-bottom-margin  \"><ul class=\"smile_icon_list left hexagon\"><li class=\"icon_list_item\" style=\" font-size:54px;\"><div class=\"icon_list_icon\" data-animation=\"fadeInDown\" data-animation-delay=\"03\" style=\"font-size:18px;background:#ffffff;color:#333333;border-color:#ffffff;\"><i class=\"Defaults-check\" ><\/i><\/div><div class=\"icon_description\" id=\"Info-list-wrap-9922\" style=\"font-size:18px;\"><div class=\"icon_description_text ult-responsive\"  data-ultimate-target='#Info-list-wrap-9922 .icon_description_text'  data-responsive-json-new='{\"font-size\":\"desktop:13px;\",\"line-height\":\"desktop:18px;\"}'  style=\"\"><p>Ultra discreto<\/p>\n<\/div><\/div><div class=\"icon_list_connector\"  style=\"border-color:#333333;\"><\/div><\/li><li class=\"icon_list_item\" style=\" font-size:54px;\"><div class=\"icon_list_icon\" data-animation=\"fadeInDown\" data-animation-delay=\"03\" style=\"font-size:18px;background:#ffffff;color:#333333;border-color:#ffffff;\"><i class=\"Defaults-check\" ><\/i><\/div><div class=\"icon_description\" id=\"Info-list-wrap-1481\" style=\"font-size:18px;\"><div class=\"icon_description_text ult-responsive\"  data-ultimate-target='#Info-list-wrap-1481 .icon_description_text'  data-responsive-json-new='{\"font-size\":\"desktop:13px;\",\"line-height\":\"desktop:18px;\"}'  style=\"\"><p>Adapta\u00e7\u00e3o imediata<\/p>\n<\/div><\/div><div class=\"icon_list_connector\"  style=\"border-color:#333333;\"><\/div><\/li><li class=\"icon_list_item\" style=\" font-size:54px;\"><div class=\"icon_list_icon\" data-animation=\"fadeInDown\" data-animation-delay=\"03\" style=\"font-size:18px;background:#ffffff;color:#333333;border-color:#ffffff;\"><i class=\"Defaults-check\" ><\/i><\/div><div class=\"icon_description\" id=\"Info-list-wrap-9587\" style=\"font-size:18px;\"><div class=\"icon_description_text ult-responsive\"  data-ultimate-target='#Info-list-wrap-9587 .icon_description_text'  data-responsive-json-new='{\"font-size\":\"desktop:13px;\",\"line-height\":\"desktop:18px;\"}'  style=\"\"><p>Confort\u00e1vel<\/p>\n<\/div><\/div><div class=\"icon_list_connector\"  style=\"border-color:#333333;\"><\/div><\/li><li class=\"icon_list_item\" style=\" font-size:54px;\"><div class=\"icon_list_icon\" data-animation=\"fadeIn\" data-animation-delay=\"03\" style=\"font-size:18px;background:#ffffff;color:#333333;border-color:#ffffff;\"><i class=\"Defaults-check\" ><\/i><\/div><div class=\"icon_description\" id=\"Info-list-wrap-2033\" style=\"font-size:18px;\"><div class=\"icon_description_text ult-responsive\"  data-ultimate-target='#Info-list-wrap-2033 .icon_description_text'  data-responsive-json-new='{\"font-size\":\"desktop:13px;\",\"line-height\":\"desktop:18px;\"}'  style=\"\"><p>Processamento de Sinal Binaural<\/p>\n<\/div><\/div><div class=\"icon_list_connector\"  style=\"border-color:#333333;\"><\/div><\/li><li class=\"icon_list_item\" style=\" font-size:54px;\"><div class=\"icon_list_icon\" data-animation=\"fadeIn\" data-animation-delay=\"03\" style=\"font-size:18px;background:#ffffff;color:#333333;border-color:#ffffff;\"><i class=\"Defaults-check\" ><\/i><\/div><div class=\"icon_description\" id=\"Info-list-wrap-6350\" style=\"font-size:18px;\"><div class=\"icon_description_text ult-responsive\"  data-ultimate-target='#Info-list-wrap-6350 .icon_description_text'  data-responsive-json-new='{\"font-size\":\"desktop:13px;\",\"line-height\":\"desktop:18px;\"}'  style=\"\"><p>Pode ser controlado remotamente via aplicativo<\/p>\n<\/div><\/div><div class=\"icon_list_connector\"  style=\"border-color:#333333;\"><\/div><\/li><\/ul><\/div><div class=\"w-separator type_invisible size_medium thick_1 style_solid color_border cont_none\"><span class=\"w-separator-h\"><\/span><\/div><\/div><\/div><\/div><\/div><\/div><\/div><\/div><\/section><section class=\"l-section wpb_row height_medium color_alternate\"><div class=\"l-section-h i-cf\"><div class=\"g-cols offset_small\"><div class=\"vc_col-sm-12 wpb_column vc_column_container animate_fade\"><div class=\"vc_column-inner\"><div class=\"w-actionbox color_light controls_right\"><div class=\"w-actionbox-text\"><h2>Conhe\u00e7a e teste o aparelho auditivo ultra discreto inoX 8c!<\/h2><p>Fale com a gente e agende seu atendimento.<\/p><\/div><div class=\"w-actionbox-controls\"><a class=\"w-btn color_navy style_outlined icon_none\" href=\"https:\/\/api.whatsapp.com\/send?phone=555199507645&text=Ol%C3%A1!%20Estou%20no%20site%20da%20Life%20e%20gostaria%20de%20mais%20informa%C3%A7%C3%B5es!\" target=\"_blank\" style=\"font-size: 18px;\"><span class=\"w-btn-label\">Falar no WhatsApp agora!<\/span><\/a><\/div><\/div><\/div><\/div><\/div><\/div><\/section>\n","protected":false},"excerpt":{"rendered":"REXTON inoX CIC 8C MyCore Aparelho Auditivo Ultra Discreto ADAPTA\u00c7\u00c3O IMEDIATA Combina conforto e apelo est\u00e9tico de se adaptar invisivelmente na orelha. inoX 8C \u00e9 o aparelho auditivo de adapta\u00e7\u00e3o imediata que combina o melhor da est\u00e9tica com a tecnologia MyCore. Compat\u00edvel com o Rexton App e Acess\u00f3rios. Solu\u00e7\u00f5es auditivas cros As solu\u00e7\u00f5es auditivas CROS...","protected":false},"author":1,"featured_media":0,"parent":0,"menu_order":0,"comment_status":"closed","ping_status":"closed","template":"","meta":{"footnotes":""},"class_list":["post-1109","page","type-page","status-publish","hentry"],"yoast_head":"<!-- This site is optimized with the Yoast SEO plugin v20.7 - https:\/\/yoast.com\/wordpress\/plugins\/seo\/ -->\n<title>Aparelho Auditivo Rexton 8C - Life Audiologia | Aparelhos Auditivos<\/title>\n<meta name=\"robots\" content=\"index, follow, max-snippet:-1, max-image-preview:large, max-video-preview:-1\" \/>\n<link rel=\"canonical\" href=\"https:\/\/www.lifeaudiologia.com.br\/?page_id=1109\" \/>\n<meta property=\"og:locale\" content=\"pt_BR\" \/>\n<meta property=\"og:type\" content=\"article\" \/>\n<meta property=\"og:title\" content=\"Aparelho Auditivo Rexton 8C - Life Audiologia | Aparelhos Auditivos\" \/>\n<meta property=\"og:url\" content=\"https:\/\/www.lifeaudiologia.com.br\/?page_id=1109\" \/>\n<meta property=\"og:site_name\" content=\"Life Audiologia | Aparelhos Auditivos\" \/>\n<meta property=\"article:modified_time\" content=\"2022-06-05T18:10:45+00:00\" \/>\n<meta name=\"twitter:card\" content=\"summary_large_image\" \/>\n<meta name=\"twitter:label1\" content=\"Est. tempo de leitura\" \/>\n\t<meta name=\"twitter:data1\" content=\"2 minutos\" \/>\n<script type=\"application\/ld+json\" class=\"yoast-schema-graph\">{\"@context\":\"https:\/\/schema.org\",\"@graph\":[{\"@type\":\"WebPage\",\"@id\":\"https:\/\/www.lifeaudiologia.com.br\/?page_id=1109\",\"url\":\"https:\/\/www.lifeaudiologia.com.br\/?page_id=1109\",\"name\":\"Aparelho Auditivo Rexton 8C - Life Audiologia | Aparelhos Auditivos\",\"isPartOf\":{\"@id\":\"https:\/\/www.lifeaudiologia.com.br\/#website\"},\"datePublished\":\"2021-11-15T18:51:26+00:00\",\"dateModified\":\"2022-06-05T18:10:45+00:00\",\"breadcrumb\":{\"@id\":\"https:\/\/www.lifeaudiologia.com.br\/?page_id=1109#breadcrumb\"},\"inLanguage\":\"pt-BR\",\"potentialAction\":[{\"@type\":\"ReadAction\",\"target\":[\"https:\/\/www.lifeaudiologia.com.br\/?page_id=1109\"]}]},{\"@type\":\"BreadcrumbList\",\"@id\":\"https:\/\/www.lifeaudiologia.com.br\/?page_id=1109#breadcrumb\",\"itemListElement\":[{\"@type\":\"ListItem\",\"position\":1,\"name\":\"In\u00edcio\",\"item\":\"https:\/\/www.lifeaudiologia.com.br\/\"},{\"@type\":\"ListItem\",\"position\":2,\"name\":\"Aparelho Auditivo Rexton 8C\"}]},{\"@type\":\"WebSite\",\"@id\":\"https:\/\/www.lifeaudiologia.com.br\/#website\",\"url\":\"https:\/\/www.lifeaudiologia.com.br\/\",\"name\":\"Life Audiologia | Aparelhos Auditivos\",\"description\":\"As Melhores solu\u00e7\u00f5es em aparelhos auditivos!\",\"potentialAction\":[{\"@type\":\"SearchAction\",\"target\":{\"@type\":\"EntryPoint\",\"urlTemplate\":\"https:\/\/www.lifeaudiologia.com.br\/?s={search_term_string}\"},\"query-input\":\"required name=search_term_string\"}],\"inLanguage\":\"pt-BR\"}]}<\/script>\n<!-- \/ Yoast SEO plugin. -->","yoast_head_json":{"title":"Aparelho Auditivo Rexton 8C - Life Audiologia | Aparelhos Auditivos","robots":{"index":"index","follow":"follow","max-snippet":"max-snippet:-1","max-image-preview":"max-image-preview:large","max-video-preview":"max-video-preview:-1"},"canonical":"https:\/\/www.lifeaudiologia.com.br\/?page_id=1109","og_locale":"pt_BR","og_type":"article","og_title":"Aparelho Auditivo Rexton 8C - Life Audiologia | Aparelhos Auditivos","og_url":"https:\/\/www.lifeaudiologia.com.br\/?page_id=1109","og_site_name":"Life Audiologia | Aparelhos Auditivos","article_modified_time":"2022-06-05T18:10:45+00:00","twitter_card":"summary_large_image","twitter_misc":{"Est. tempo de leitura":"2 minutos"},"schema":{"@context":"https:\/\/schema.org","@graph":[{"@type":"WebPage","@id":"https:\/\/www.lifeaudiologia.com.br\/?page_id=1109","url":"https:\/\/www.lifeaudiologia.com.br\/?page_id=1109","name":"Aparelho Auditivo Rexton 8C - Life Audiologia | Aparelhos Auditivos","isPartOf":{"@id":"https:\/\/www.lifeaudiologia.com.br\/#website"},"datePublished":"2021-11-15T18:51:26+00:00","dateModified":"2022-06-05T18:10:45+00:00","breadcrumb":{"@id":"https:\/\/www.lifeaudiologia.com.br\/?page_id=1109#breadcrumb"},"inLanguage":"pt-BR","potentialAction":[{"@type":"ReadAction","target":["https:\/\/www.lifeaudiologia.com.br\/?page_id=1109"]}]},{"@type":"BreadcrumbList","@id":"https:\/\/www.lifeaudiologia.com.br\/?page_id=1109#breadcrumb","itemListElement":[{"@type":"ListItem","position":1,"name":"In\u00edcio","item":"https:\/\/www.lifeaudiologia.com.br\/"},{"@type":"ListItem","position":2,"name":"Aparelho Auditivo Rexton 8C"}]},{"@type":"WebSite","@id":"https:\/\/www.lifeaudiologia.com.br\/#website","url":"https:\/\/www.lifeaudiologia.com.br\/","name":"Life Audiologia | Aparelhos Auditivos","description":"As Melhores solu\u00e7\u00f5es em aparelhos auditivos!","potentialAction":[{"@type":"SearchAction","target":{"@type":"EntryPoint","urlTemplate":"https:\/\/www.lifeaudiologia.com.br\/?s={search_term_string}"},"query-input":"required name=search_term_string"}],"inLanguage":"pt-BR"}]}},"_links":{"self":[{"href":"https:\/\/www.lifeaudiologia.com.br\/index.php?rest_route=\/wp\/v2\/pages\/1109","targetHints":{"allow":["GET"]}}],"collection":[{"href":"https:\/\/www.lifeaudiologia.com.br\/index.php?rest_route=\/wp\/v2\/pages"}],"about":[{"href":"https:\/\/www.lifeaudiologia.com.br\/index.php?rest_route=\/wp\/v2\/types\/page"}],"author":[{"embeddable":true,"href":"https:\/\/www.lifeaudiologia.com.br\/index.php?rest_route=\/wp\/v2\/users\/1"}],"replies":[{"embeddable":true,"href":"https:\/\/www.lifeaudiologia.com.br\/index.php?rest_route=%2Fwp%2Fv2%2Fcomments&post=1109"}],"version-history":[{"count":1,"href":"https:\/\/www.lifeaudiologia.com.br\/index.php?rest_route=\/wp\/v2\/pages\/1109\/revisions"}],"predecessor-version":[{"id":1246,"href":"https:\/\/www.lifeaudiologia.com.br\/index.php?rest_route=\/wp\/v2\/pages\/1109\/revisions\/1246"}],"wp:attachment":[{"href":"https:\/\/www.lifeaudiologia.com.br\/index.php?rest_route=%2Fwp%2Fv2%2Fmedia&parent=1109"}],"curies":[{"name":"wp","href":"https:\/\/api.w.org\/{rel}","templated":true}]}}