{"id":1113,"date":"2021-11-15T15:56:58","date_gmt":"2021-11-15T18:56:58","guid":{"rendered":"https:\/\/www.lifeaudiologia.com.br\/?page_id=1113"},"modified":"2022-06-05T15:05:20","modified_gmt":"2022-06-05T18:05:20","slug":"aparelhos-argosy-vista-dx","status":"publish","type":"page","link":"https:\/\/www.lifeaudiologia.com.br\/?page_id=1113","title":{"rendered":"Aparelhos Argosy Vista DX"},"content":{"rendered":"<section class=\"l-section wpb_row height_medium color_alternate with_img with_overlay\"><div class=\"l-section-img\" style=\"background-image: url(https:\/\/www.lifeaudiologia.com.br\/wp-content\/uploads\/2019\/03\/belong2.png);\" data-img-width=\"1920\" data-img-height=\"1080\"><\/div><div class=\"l-section-overlay\" style=\"background-color: rgba(247,247,247,0.93)\"><\/div><div class=\"l-section-h i-cf\"><div class=\"g-cols offset_small\"><div class=\"vc_col-sm-12 wpb_column vc_column_container\"><div class=\"vc_column-inner\"><div class=\"w-separator type_invisible size_small thick_1 style_solid color_border cont_none\"><span class=\"w-separator-h\"><\/span><\/div><div class=\"wpb_text_column \"><div class=\"wpb_wrapper\">\n<h1 style=\"text-align: left;\">Argosy Vista DX<\/h1>\n<h3><strong>Aparelho Auditivo Recarreg\u00e1vel<\/strong><\/h3>\n<\/div> <\/div> <div class=\"w-separator type_invisible size_small thick_1 style_solid color_border cont_none\"><span class=\"w-separator-h\"><\/span><\/div><\/div><\/div><\/div><\/div><\/section><section class=\"l-section wpb_row height_medium\"><div class=\"l-section-h i-cf\"><div class=\"g-cols offset_small\"><div class=\"vc_col-sm-12 wpb_column vc_column_container\"><div class=\"vc_column-inner\"><div class=\"g-cols wpb_row offset_small vc_inner \"><div class=\"vc_col-sm-6 wpb_column vc_column_container\"><div class=\"vc_column-inner\"><div class=\"w-separator type_invisible size_large thick_1 style_solid color_border cont_none\"><span class=\"w-separator-h\"><\/span><\/div><div class=\"wpb_text_column \"><div class=\"wpb_wrapper\">\n<h5><strong>Melhor compreens\u00e3o da fala<\/strong><\/h5>\n<\/div> <\/div> <div class=\"w-separator type_default size_small thick_1 style_double color_border cont_none\"><span class=\"w-separator-h\"><\/span><\/div><div class=\"wpb_text_column \"><div class=\"wpb_wrapper\"><p>Os aparelhos auditivos Vista DX oferecem ao usu\u00e1rio uma melhor compreens\u00e3o da fala. Os novos recursos sonoros ajudam na capacidade em perceber de onde vem a fala, bem como ter melhor dom\u00ednio das palavras.<\/p>\n<p>Tudo isso com tecnologia recarreg\u00e1vel e plataforma para ajustes finos e programa\u00e7\u00f5es remotos, sem necessidade de deslocamento para atendimento pelo fonoaudi\u00f3logo.<\/p><\/div> <\/div> <div class=\"w-separator type_default size_small thick_1 style_double color_border cont_none\"><span class=\"w-separator-h\"><\/span><\/div><div class=\"w-separator type_invisible size_medium thick_1 style_solid color_border cont_none\"><span class=\"w-separator-h\"><\/span><\/div><\/div><\/div><div class=\"vc_col-sm-6 wpb_column vc_column_container\"><div class=\"vc_column-inner\"><div class=\"w-separator type_invisible size_medium thick_1 style_solid color_border cont_none\"><span class=\"w-separator-h\"><\/span><\/div><div class=\"w-image \"><img loading=\"lazy\" decoding=\"async\" width=\"300\" height=\"300\" src=\"https:\/\/www.lifeaudiologia.com.br\/wp-content\/uploads\/2021\/11\/Vista_DX_Carregador_AP.png\" class=\"attachment-medium size-medium\" alt=\"Aparelho Auditivo Recarreg\u00e1vel Argosy Vista DX\" srcset=\"https:\/\/www.lifeaudiologia.com.br\/wp-content\/uploads\/2021\/11\/Vista_DX_Carregador_AP.png 300w, https:\/\/www.lifeaudiologia.com.br\/wp-content\/uploads\/2021\/11\/Vista_DX_Carregador_AP-150x150.png 150w\" sizes=\"auto, (max-width: 300px) 100vw, 300px\" \/><\/div><\/div><\/div><\/div><div class=\"g-cols wpb_row offset_small vc_inner \"><div class=\"vc_col-sm-12 wpb_column vc_column_container\"><div class=\"vc_column-inner\"><div class=\"wpb_text_column \"><div class=\"wpb_wrapper\">\n<h5><strong>Pr\u00e1tico e simples de usar!<\/strong><\/h5>\n<\/div> <\/div> <div class=\"wpb_text_column \"><div class=\"wpb_wrapper\"><p>Aparelhos auditivos elegantes e confort\u00e1veis, recarreg\u00e1veis com baterias de \u00edons de l\u00edtio que duram o dia todo. R\u00e1pido de carregar, ligar e desligar automaticamente quando removido ou inserido no carregador.<\/p><\/div> <\/div> <\/div><\/div><\/div><div class=\"g-cols wpb_row offset_small vc_inner \"><div class=\"vc_col-sm-6 wpb_column vc_column_container\"><div class=\"vc_column-inner\"><div class=\"w-separator type_default size_small thick_1 style_double color_border cont_none\"><span class=\"w-separator-h\"><\/span><\/div><div class=\"smile_icon_list_wrap ult-adjust-bottom-margin  \"><ul class=\"smile_icon_list left hexagon\"><li class=\"icon_list_item\" style=\" font-size:54px;\"><div class=\"icon_list_icon\" data-animation=\"fadeInDown\" data-animation-delay=\"03\" style=\"font-size:18px;background:#f9f9f9;color:#8bbc07;border-color:#f9f9f9;\"><i class=\"Defaults-check\" ><\/i><\/div><div class=\"icon_description\" id=\"Info-list-wrap-3657\" style=\"font-size:18px;\"><h3 class=\"ult-responsive\"  data-ultimate-target='#Info-list-wrap-3657 h3'  data-responsive-json-new='{\"font-size\":\"desktop:16px;\",\"line-height\":\"desktop:24px;\"}'  style=\"font-weight:bold;\">Recarreg\u00e1vel<\/h3><div class=\"icon_description_text ult-responsive\"  data-ultimate-target='#Info-list-wrap-3657 .icon_description_text'  data-responsive-json-new='{\"font-size\":\"desktop:13px;\",\"line-height\":\"desktop:18px;\"}'  style=\"\"><p>Praticidade para sua rotina di\u00e1ria<\/p>\n<\/div><\/div><div class=\"icon_list_connector\"  style=\"border-color:#8bbc07;\"><\/div><\/li><li class=\"icon_list_item\" style=\" font-size:54px;\"><div class=\"icon_list_icon\" data-animation=\"fadeInDown\" data-animation-delay=\"03\" style=\"font-size:18px;background:#f9f9f9;color:#8bbc07;border-color:#f9f9f9;\"><i class=\"Defaults-check\" ><\/i><\/div><div class=\"icon_description\" id=\"Info-list-wrap-5409\" style=\"font-size:18px;\"><h3 class=\"ult-responsive\"  data-ultimate-target='#Info-list-wrap-5409 h3'  data-responsive-json-new='{\"font-size\":\"desktop:16px;\",\"line-height\":\"desktop:24px;\"}'  style=\"font-weight:bold;\">Desempenho Auditivo M\u00e1ximo<\/h3><div class=\"icon_description_text ult-responsive\"  data-ultimate-target='#Info-list-wrap-5409 .icon_description_text'  data-responsive-json-new='{\"font-size\":\"desktop:13px;\",\"line-height\":\"desktop:18px;\"}'  style=\"\"><p>Melhor compreens\u00e3o de fala<\/p>\n<\/div><\/div><div class=\"icon_list_connector\"  style=\"border-color:#8bbc07;\"><\/div><\/li><li class=\"icon_list_item\" style=\" font-size:54px;\"><div class=\"icon_list_icon\" data-animation=\"fadeInDown\" data-animation-delay=\"03\" style=\"font-size:18px;background:#f9f9f9;color:#8bbc07;border-color:#f9f9f9;\"><i class=\"Defaults-check\" ><\/i><\/div><div class=\"icon_description\" id=\"Info-list-wrap-9386\" style=\"font-size:18px;\"><h3 class=\"ult-responsive\"  data-ultimate-target='#Info-list-wrap-9386 h3'  data-responsive-json-new='{\"font-size\":\"desktop:16px;\",\"line-height\":\"desktop:24px;\"}'  style=\"font-weight:bold;\">Atendimento Remoto<\/h3><div class=\"icon_description_text ult-responsive\"  data-ultimate-target='#Info-list-wrap-9386 .icon_description_text'  data-responsive-json-new='{\"font-size\":\"desktop:13px;\",\"line-height\":\"desktop:18px;\"}'  style=\"\"><p>Ajustes finos com o fonoaudi\u00f3logo atrav\u00e9s de aplicativo sem necessidade de deslocamentos<\/p>\n<\/div><\/div><div class=\"icon_list_connector\"  style=\"border-color:#8bbc07;\"><\/div><\/li><li class=\"icon_list_item\" style=\" font-size:54px;\"><div class=\"icon_list_icon\" data-animation=\"fadeIn\" data-animation-delay=\"03\" style=\"font-size:18px;background:#f9f9f9;color:#8bbc07;border-color:#f9f9f9;\"><i class=\"Defaults-check\" ><\/i><\/div><div class=\"icon_description\" id=\"Info-list-wrap-2081\" style=\"font-size:18px;\"><h3 class=\"ult-responsive\"  data-ultimate-target='#Info-list-wrap-2081 h3'  data-responsive-json-new='{\"font-size\":\"desktop:16px;\",\"line-height\":\"desktop:24px;\"}'  style=\"font-weight:bold;\">R\u00e1pida Adapta\u00e7\u00e3o<\/h3><div class=\"icon_description_text ult-responsive\"  data-ultimate-target='#Info-list-wrap-2081 .icon_description_text'  data-responsive-json-new='{\"font-size\":\"desktop:13px;\",\"line-height\":\"desktop:18px;\"}'  style=\"\"><p>Qualidade sonora desde o primeiro ajuste<\/p>\n<\/div><\/div><div class=\"icon_list_connector\"  style=\"border-color:#8bbc07;\"><\/div><\/li><\/ul><\/div><\/div><\/div><div class=\"vc_col-sm-6 wpb_column vc_column_container\"><div class=\"vc_column-inner\"><div class=\"w-separator type_invisible size_medium thick_1 style_solid color_border cont_none\"><span class=\"w-separator-h\"><\/span><\/div><div class=\"w-image \"><img loading=\"lazy\" decoding=\"async\" width=\"300\" height=\"300\" src=\"https:\/\/www.lifeaudiologia.com.br\/wp-content\/uploads\/2021\/11\/Vista_DX_1.png\" class=\"attachment-medium size-medium\" alt=\"Aparelho Auditivo Recarreg\u00e1vel Argosy Vista DX\" srcset=\"https:\/\/www.lifeaudiologia.com.br\/wp-content\/uploads\/2021\/11\/Vista_DX_1.png 300w, https:\/\/www.lifeaudiologia.com.br\/wp-content\/uploads\/2021\/11\/Vista_DX_1-150x150.png 150w\" sizes=\"auto, (max-width: 300px) 100vw, 300px\" \/><\/div><\/div><\/div><\/div><\/div><\/div><\/div><\/div><\/section><section class=\"l-section wpb_row height_medium\"><div class=\"l-section-h i-cf\"><div class=\"g-cols offset_small\"><div class=\"vc_col-sm-12 wpb_column vc_column_container\"><div class=\"vc_column-inner\"><div class=\"g-cols wpb_row offset_small vc_inner \"><div class=\"vc_col-sm-8 wpb_column vc_column_container\"><div class=\"vc_column-inner\"><div class=\"w-separator type_default size_medium thick_1 style_solid color_border cont_none\"><span class=\"w-separator-h\"><\/span><\/div><div class=\"wpb_text_column \"><div class=\"wpb_wrapper\">\n<h5><strong>Livre-se das complica\u00e7\u00f5es das baterias descart\u00e1veis!<\/strong><\/h5>\n<\/div> <\/div> <div class=\"wpb_text_column \"><div class=\"wpb_wrapper\"><p>Os aparelhos auditivos Vista DX foram criados para simplificar sua vida. Finalmente, uma oportunidade para voc\u00ea se livrar das complica\u00e7\u00f5es das baterias descart\u00e1veis, com uma inovadora tecnologia de bateria de \u00edons de l\u00edtio.<\/p><\/div> <\/div> <\/div><\/div><div class=\"vc_col-sm-4 wpb_column vc_column_container\"><div class=\"vc_column-inner\"><div class=\"w-slider\"><div class=\"royalSlider rsDefault\"><div class=\"rsContent\"><img decoding=\"async\" class=\"rsImg\" data-rsw=\"300\" data-rsh=\"300\" src=\"https:\/\/www.lifeaudiologia.com.br\/wp-content\/uploads\/2021\/11\/Vista_DX_recarga.png\"><\/div><div class=\"rsContent\"><img decoding=\"async\" class=\"rsImg\" data-rsw=\"300\" data-rsh=\"300\" src=\"https:\/\/www.lifeaudiologia.com.br\/wp-content\/uploads\/2021\/11\/Vista_DX_3.png\"><\/div><div class=\"rsContent\"><img decoding=\"async\" class=\"rsImg\" data-rsw=\"300\" data-rsh=\"300\" src=\"https:\/\/www.lifeaudiologia.com.br\/wp-content\/uploads\/2021\/11\/Vista_DX_4.png\"><\/div><div class=\"rsContent\"><img decoding=\"async\" class=\"rsImg\" data-rsw=\"300\" data-rsh=\"300\" src=\"https:\/\/www.lifeaudiologia.com.br\/wp-content\/uploads\/2021\/11\/Vista_DX_2.png\"><\/div><\/div><div class=\"w-slider-json\" onclick='return {&quot;transitionSpeed&quot;:300,&quot;loopRewind&quot;:true,&quot;slidesSpacing&quot;:0,&quot;imageScalePadding&quot;:0,&quot;numImagesToPreload&quot;:2,&quot;arrowsNav&quot;:true,&quot;arrowsNavAutoHide&quot;:false,&quot;transitionType&quot;:&quot;move&quot;,&quot;block&quot;:{&quot;moveEffect&quot;:&quot;none&quot;,&quot;speed&quot;:300},&quot;controlNavigation&quot;:&quot;bullets&quot;,&quot;autoplay&quot;:{&quot;enabled&quot;:true,&quot;pauseOnHover&quot;:true,&quot;delay&quot;:3000},&quot;imageScaleMode&quot;:&quot;fit-if-smaller&quot;,&quot;autoScaleSlider&quot;:true,&quot;autoScaleSliderWidth&quot;:300,&quot;autoScaleSliderHeight&quot;:300,&quot;fitInViewport&quot;:false}'><\/div><\/div><\/div><\/div><\/div><\/div><\/div><\/div><\/div><\/section><section class=\"l-section wpb_row height_medium color_primary\"><div class=\"l-section-h i-cf\"><div class=\"g-cols offset_small\"><div class=\"vc_col-sm-12 wpb_column vc_column_container animate_fade\"><div class=\"vc_column-inner\"><div class=\"w-actionbox color_primary controls_right\"><div class=\"w-actionbox-text\"><h2>D\u00ea o primeiro passo para escutar melhor!<\/h2><p>Conhe\u00e7a e teste os melhores aparelhos auditivos do mercado.<\/p><\/div><div class=\"w-actionbox-controls\"><a class=\"w-btn color_white style_outlined icon_none\" href=\"https:\/\/api.whatsapp.com\/send?phone=555199507645&text=Ol%C3%A1!%20Estou%20no%20site%20da%20Life%20e%20gostaria%20de%20mais%20informa%C3%A7%C3%B5es!\" target=\"_blank\" style=\"font-size: 18px;\"><span class=\"w-btn-label\">Quero conhecer e testar!<\/span><\/a><\/div><\/div><\/div><\/div><\/div><\/div><\/section>\n","protected":false},"excerpt":{"rendered":"Argosy Vista DX Aparelho Auditivo Recarreg\u00e1vel Melhor compreens\u00e3o da fala Os aparelhos auditivos Vista DX oferecem ao usu\u00e1rio uma melhor compreens\u00e3o da fala. Os novos recursos sonoros ajudam na capacidade em perceber de onde vem a fala, bem como ter melhor dom\u00ednio das palavras. Tudo isso com tecnologia recarreg\u00e1vel e plataforma para ajustes finos e...","protected":false},"author":1,"featured_media":0,"parent":0,"menu_order":0,"comment_status":"closed","ping_status":"closed","template":"","meta":{"footnotes":""},"class_list":["post-1113","page","type-page","status-publish","hentry"],"yoast_head":"<!-- This site is optimized with the Yoast SEO plugin v20.7 - https:\/\/yoast.com\/wordpress\/plugins\/seo\/ -->\n<title>Aparelhos Argosy Vista DX - Life Audiologia | Aparelhos Auditivos<\/title>\n<meta name=\"robots\" content=\"index, follow, max-snippet:-1, max-image-preview:large, max-video-preview:-1\" \/>\n<link rel=\"canonical\" href=\"https:\/\/www.lifeaudiologia.com.br\/?page_id=1113\" \/>\n<meta property=\"og:locale\" content=\"pt_BR\" \/>\n<meta property=\"og:type\" content=\"article\" \/>\n<meta property=\"og:title\" content=\"Aparelhos Argosy Vista DX - Life Audiologia | Aparelhos Auditivos\" \/>\n<meta property=\"og:url\" content=\"https:\/\/www.lifeaudiologia.com.br\/?page_id=1113\" \/>\n<meta property=\"og:site_name\" content=\"Life Audiologia | Aparelhos Auditivos\" \/>\n<meta property=\"article:modified_time\" content=\"2022-06-05T18:05:20+00:00\" \/>\n<meta name=\"twitter:card\" content=\"summary_large_image\" \/>\n<meta name=\"twitter:label1\" content=\"Est. tempo de leitura\" \/>\n\t<meta name=\"twitter:data1\" content=\"2 minutos\" \/>\n<script type=\"application\/ld+json\" class=\"yoast-schema-graph\">{\"@context\":\"https:\/\/schema.org\",\"@graph\":[{\"@type\":\"WebPage\",\"@id\":\"https:\/\/www.lifeaudiologia.com.br\/?page_id=1113\",\"url\":\"https:\/\/www.lifeaudiologia.com.br\/?page_id=1113\",\"name\":\"Aparelhos Argosy Vista DX - Life Audiologia | Aparelhos Auditivos\",\"isPartOf\":{\"@id\":\"https:\/\/www.lifeaudiologia.com.br\/#website\"},\"datePublished\":\"2021-11-15T18:56:58+00:00\",\"dateModified\":\"2022-06-05T18:05:20+00:00\",\"breadcrumb\":{\"@id\":\"https:\/\/www.lifeaudiologia.com.br\/?page_id=1113#breadcrumb\"},\"inLanguage\":\"pt-BR\",\"potentialAction\":[{\"@type\":\"ReadAction\",\"target\":[\"https:\/\/www.lifeaudiologia.com.br\/?page_id=1113\"]}]},{\"@type\":\"BreadcrumbList\",\"@id\":\"https:\/\/www.lifeaudiologia.com.br\/?page_id=1113#breadcrumb\",\"itemListElement\":[{\"@type\":\"ListItem\",\"position\":1,\"name\":\"In\u00edcio\",\"item\":\"https:\/\/www.lifeaudiologia.com.br\/\"},{\"@type\":\"ListItem\",\"position\":2,\"name\":\"Aparelhos Argosy Vista DX\"}]},{\"@type\":\"WebSite\",\"@id\":\"https:\/\/www.lifeaudiologia.com.br\/#website\",\"url\":\"https:\/\/www.lifeaudiologia.com.br\/\",\"name\":\"Life Audiologia | Aparelhos Auditivos\",\"description\":\"As Melhores solu\u00e7\u00f5es em aparelhos auditivos!\",\"potentialAction\":[{\"@type\":\"SearchAction\",\"target\":{\"@type\":\"EntryPoint\",\"urlTemplate\":\"https:\/\/www.lifeaudiologia.com.br\/?s={search_term_string}\"},\"query-input\":\"required name=search_term_string\"}],\"inLanguage\":\"pt-BR\"}]}<\/script>\n<!-- \/ Yoast SEO plugin. -->","yoast_head_json":{"title":"Aparelhos Argosy Vista DX - Life Audiologia | Aparelhos Auditivos","robots":{"index":"index","follow":"follow","max-snippet":"max-snippet:-1","max-image-preview":"max-image-preview:large","max-video-preview":"max-video-preview:-1"},"canonical":"https:\/\/www.lifeaudiologia.com.br\/?page_id=1113","og_locale":"pt_BR","og_type":"article","og_title":"Aparelhos Argosy Vista DX - Life Audiologia | Aparelhos Auditivos","og_url":"https:\/\/www.lifeaudiologia.com.br\/?page_id=1113","og_site_name":"Life Audiologia | Aparelhos Auditivos","article_modified_time":"2022-06-05T18:05:20+00:00","twitter_card":"summary_large_image","twitter_misc":{"Est. tempo de leitura":"2 minutos"},"schema":{"@context":"https:\/\/schema.org","@graph":[{"@type":"WebPage","@id":"https:\/\/www.lifeaudiologia.com.br\/?page_id=1113","url":"https:\/\/www.lifeaudiologia.com.br\/?page_id=1113","name":"Aparelhos Argosy Vista DX - Life Audiologia | Aparelhos Auditivos","isPartOf":{"@id":"https:\/\/www.lifeaudiologia.com.br\/#website"},"datePublished":"2021-11-15T18:56:58+00:00","dateModified":"2022-06-05T18:05:20+00:00","breadcrumb":{"@id":"https:\/\/www.lifeaudiologia.com.br\/?page_id=1113#breadcrumb"},"inLanguage":"pt-BR","potentialAction":[{"@type":"ReadAction","target":["https:\/\/www.lifeaudiologia.com.br\/?page_id=1113"]}]},{"@type":"BreadcrumbList","@id":"https:\/\/www.lifeaudiologia.com.br\/?page_id=1113#breadcrumb","itemListElement":[{"@type":"ListItem","position":1,"name":"In\u00edcio","item":"https:\/\/www.lifeaudiologia.com.br\/"},{"@type":"ListItem","position":2,"name":"Aparelhos Argosy Vista DX"}]},{"@type":"WebSite","@id":"https:\/\/www.lifeaudiologia.com.br\/#website","url":"https:\/\/www.lifeaudiologia.com.br\/","name":"Life Audiologia | Aparelhos Auditivos","description":"As Melhores solu\u00e7\u00f5es em aparelhos auditivos!","potentialAction":[{"@type":"SearchAction","target":{"@type":"EntryPoint","urlTemplate":"https:\/\/www.lifeaudiologia.com.br\/?s={search_term_string}"},"query-input":"required name=search_term_string"}],"inLanguage":"pt-BR"}]}},"_links":{"self":[{"href":"https:\/\/www.lifeaudiologia.com.br\/index.php?rest_route=\/wp\/v2\/pages\/1113","targetHints":{"allow":["GET"]}}],"collection":[{"href":"https:\/\/www.lifeaudiologia.com.br\/index.php?rest_route=\/wp\/v2\/pages"}],"about":[{"href":"https:\/\/www.lifeaudiologia.com.br\/index.php?rest_route=\/wp\/v2\/types\/page"}],"author":[{"embeddable":true,"href":"https:\/\/www.lifeaudiologia.com.br\/index.php?rest_route=\/wp\/v2\/users\/1"}],"replies":[{"embeddable":true,"href":"https:\/\/www.lifeaudiologia.com.br\/index.php?rest_route=%2Fwp%2Fv2%2Fcomments&post=1113"}],"version-history":[{"count":2,"href":"https:\/\/www.lifeaudiologia.com.br\/index.php?rest_route=\/wp\/v2\/pages\/1113\/revisions"}],"predecessor-version":[{"id":1245,"href":"https:\/\/www.lifeaudiologia.com.br\/index.php?rest_route=\/wp\/v2\/pages\/1113\/revisions\/1245"}],"wp:attachment":[{"href":"https:\/\/www.lifeaudiologia.com.br\/index.php?rest_route=%2Fwp%2Fv2%2Fmedia&parent=1113"}],"curies":[{"name":"wp","href":"https:\/\/api.w.org\/{rel}","templated":true}]}}