{"id":19,"date":"2019-03-30T18:37:14","date_gmt":"2019-03-30T21:37:14","guid":{"rendered":"https:\/\/www.lifeaudiologia.com.br\/novo\/?page_id=19"},"modified":"2024-03-12T08:48:00","modified_gmt":"2024-03-12T11:48:00","slug":"contato","status":"publish","type":"page","link":"https:\/\/www.lifeaudiologia.com.br\/?page_id=19","title":{"rendered":"Contato"},"content":{"rendered":"<section class=\"l-section wpb_row height_large color_primary with_img with_overlay\"><div class=\"l-section-img\" style=\"background-image: url(https:\/\/www.lifeaudiologia.com.br\/wp-content\/uploads\/2020\/09\/testeauditivo2.jpg);background-position: center right;\" data-img-width=\"1920\" data-img-height=\"1080\"><\/div><div class=\"l-section-overlay\" style=\"background-color: rgba(0,0,0,0.13)\"><\/div><div class=\"l-section-h i-cf\"><div class=\"g-cols offset_small valign_bottom\"><div class=\"vc_col-sm-12 wpb_column vc_column_container\"><div class=\"vc_column-inner\"><div class=\"w-separator type_invisible size_large thick_1 style_solid color_border cont_none\"><span class=\"w-separator-h\"><\/span><\/div><div class=\"w-separator type_invisible size_large thick_1 style_solid color_border cont_none\"><span class=\"w-separator-h\"><\/span><\/div><div class=\"wpb_text_column \"><div class=\"wpb_wrapper\">\n<h1 style=\"text-align: center;\">D\u00ea o primeiro passo para escutar melhor!<\/h1>\n<\/div> <\/div> <\/div><\/div><\/div><\/div><\/section><section class=\"l-section wpb_row height_medium\"><div class=\"l-section-h i-cf\"><div class=\"g-cols offset_small\"><div class=\"vc_col-sm-12 wpb_column vc_column_container\"><div class=\"vc_column-inner\"><div class=\"wpb_text_column \"><div class=\"wpb_wrapper\">\n<h2 style=\"text-align: center;\">Entre em contato, ser\u00e1 uma prazer apresentar para voc\u00ea nossas solu\u00e7\u00f5es auditivas.<\/h2>\n<\/div> <\/div> <\/div><\/div><\/div><\/div><\/section><section class=\"l-section wpb_row height_medium color_alternate\"><div class=\"l-section-h i-cf\"><div class=\"g-cols offset_small\"><div class=\"vc_col-sm-12 wpb_column vc_column_container\"><div class=\"vc_column-inner\"><div class=\"w-contacts\"><div class=\"w-contacts-list\"><div class=\"w-contacts-item for_address\"><span class=\"w-contacts-item-value\">Avenida Benno Mentz 173 - Vila Ipiranga | Porto Alegre | RS<\/span><\/div><div class=\"w-contacts-item for_phone\"><span class=\"w-contacts-item-value\">(51) 99399 6200 | (51) 99822 3887<\/span><\/div><div class=\"w-contacts-item for_email\"><span class=\"w-contacts-item-value\"><a href=\"mailto:contato@lifeaudiologia.com.br\">contato@lifeaudiologia.com.br<\/a><\/span><\/div><\/div><\/div><\/div><\/div><\/div><\/div><\/section><section class=\"l-section wpb_row height_medium\"><div class=\"l-section-h i-cf\"><div class=\"g-cols offset_small valign_middle\"><div class=\"vc_col-sm-12 wpb_column vc_column_container\"><div class=\"vc_column-inner\"><div class=\"w-socials align_center style_desaturated index_1\" style=\"font-size: 20px;\"><div class=\"w-socials-list\"><div class=\"w-socials-item email\">\n\t\t\t\t<a class=\"w-socials-item-link\" target=\"_blank\" href=\"mailto:contato@lifeaudiologia.com.br\">\n\t\t\t\t\t<span class=\"w-socials-item-link-hover\"><\/span>\n\t\t\t\t<\/a>\n\t\t\t\t<div class=\"w-socials-item-popup\">\n\t\t\t\t\t<span>Email<\/span>\n\t\t\t\t<\/div>\n\t\t\t<\/div><div class=\"w-socials-item facebook\">\n\t\t\t\t<a class=\"w-socials-item-link\" target=\"_blank\" href=\"https:\/\/www.facebook.com\/lifeaudiologia\">\n\t\t\t\t\t<span class=\"w-socials-item-link-hover\"><\/span>\n\t\t\t\t<\/a>\n\t\t\t\t<div class=\"w-socials-item-popup\">\n\t\t\t\t\t<span>Facebook<\/span>\n\t\t\t\t<\/div>\n\t\t\t<\/div><div class=\"w-socials-item youtube\">\n\t\t\t\t<a class=\"w-socials-item-link\" target=\"_blank\" href=\"https:\/\/www.youtube.com\/channel\/UCWBq75t0pbf3unn3nLMBlGw\">\n\t\t\t\t\t<span class=\"w-socials-item-link-hover\"><\/span>\n\t\t\t\t<\/a>\n\t\t\t\t<div class=\"w-socials-item-popup\">\n\t\t\t\t\t<span>YouTube<\/span>\n\t\t\t\t<\/div>\n\t\t\t<\/div><div class=\"w-socials-item instagram\">\n\t\t\t\t<a class=\"w-socials-item-link\" target=\"_blank\" href=\"https:\/\/www.instagram.com\/lifeaudiologia\/\">\n\t\t\t\t\t<span class=\"w-socials-item-link-hover\"><\/span>\n\t\t\t\t<\/a>\n\t\t\t\t<div class=\"w-socials-item-popup\">\n\t\t\t\t\t<span>Instagram<\/span>\n\t\t\t\t<\/div>\n\t\t\t<\/div><div class=\"w-socials-item custom\"><a class=\"w-socials-item-link\" target=\"_blank\" href=\"https:\/\/api.whatsapp.com\/send?phone=5551993996200&#038;text=Ol%C3%A1!%20Estou%20no%20site%20da%20Life%20e%20gostaria%20de%20mais%20informa%C3%A7%C3%B5es!\"><span class=\"w-socials-item-link-hover\" style=\"background-color: #1abc9c\"><\/span><i class=\"fa fa-whatsapp\"><\/i><\/a><div class=\"w-socials-item-popup\"><span>WhatsApp<\/span><\/div><\/div><\/div><\/div><\/div><\/div><\/div><\/div><\/section>\n","protected":false},"excerpt":{"rendered":"D\u00ea o primeiro passo para escutar melhor! Entre em contato, ser\u00e1 uma prazer apresentar para voc\u00ea nossas solu\u00e7\u00f5es auditivas. Avenida Benno Mentz 173 - Vila Ipiranga | Porto Alegre | RS(51) 99399 6200 | (51) 99822 3887contato@lifeaudiologia.com.br Email Facebook YouTube Instagram WhatsApp","protected":false},"author":1,"featured_media":0,"parent":0,"menu_order":0,"comment_status":"closed","ping_status":"closed","template":"","meta":{"footnotes":""},"class_list":["post-19","page","type-page","status-publish","hentry"],"yoast_head":"<!-- This site is optimized with the Yoast SEO plugin v20.7 - https:\/\/yoast.com\/wordpress\/plugins\/seo\/ -->\n<title>Contato - Life Audiologia | Aparelhos Auditivos<\/title>\n<meta name=\"robots\" content=\"index, follow, max-snippet:-1, max-image-preview:large, max-video-preview:-1\" \/>\n<link rel=\"canonical\" href=\"https:\/\/www.lifeaudiologia.com.br\/?page_id=19\" \/>\n<meta property=\"og:locale\" content=\"pt_BR\" \/>\n<meta property=\"og:type\" content=\"article\" \/>\n<meta property=\"og:title\" content=\"Contato - Life Audiologia | Aparelhos Auditivos\" \/>\n<meta property=\"og:url\" content=\"https:\/\/www.lifeaudiologia.com.br\/?page_id=19\" \/>\n<meta property=\"og:site_name\" content=\"Life Audiologia | Aparelhos Auditivos\" \/>\n<meta property=\"article:modified_time\" content=\"2024-03-12T11:48:00+00:00\" \/>\n<meta name=\"twitter:card\" content=\"summary_large_image\" \/>\n<meta name=\"twitter:label1\" content=\"Est. tempo de leitura\" \/>\n\t<meta name=\"twitter:data1\" content=\"1 minuto\" \/>\n<script type=\"application\/ld+json\" class=\"yoast-schema-graph\">{\"@context\":\"https:\/\/schema.org\",\"@graph\":[{\"@type\":\"WebPage\",\"@id\":\"https:\/\/www.lifeaudiologia.com.br\/?page_id=19\",\"url\":\"https:\/\/www.lifeaudiologia.com.br\/?page_id=19\",\"name\":\"Contato - Life Audiologia | Aparelhos Auditivos\",\"isPartOf\":{\"@id\":\"https:\/\/www.lifeaudiologia.com.br\/#website\"},\"datePublished\":\"2019-03-30T21:37:14+00:00\",\"dateModified\":\"2024-03-12T11:48:00+00:00\",\"breadcrumb\":{\"@id\":\"https:\/\/www.lifeaudiologia.com.br\/?page_id=19#breadcrumb\"},\"inLanguage\":\"pt-BR\",\"potentialAction\":[{\"@type\":\"ReadAction\",\"target\":[\"https:\/\/www.lifeaudiologia.com.br\/?page_id=19\"]}]},{\"@type\":\"BreadcrumbList\",\"@id\":\"https:\/\/www.lifeaudiologia.com.br\/?page_id=19#breadcrumb\",\"itemListElement\":[{\"@type\":\"ListItem\",\"position\":1,\"name\":\"In\u00edcio\",\"item\":\"https:\/\/www.lifeaudiologia.com.br\/\"},{\"@type\":\"ListItem\",\"position\":2,\"name\":\"Contato\"}]},{\"@type\":\"WebSite\",\"@id\":\"https:\/\/www.lifeaudiologia.com.br\/#website\",\"url\":\"https:\/\/www.lifeaudiologia.com.br\/\",\"name\":\"Life Audiologia | Aparelhos Auditivos\",\"description\":\"As Melhores solu\u00e7\u00f5es em aparelhos auditivos!\",\"potentialAction\":[{\"@type\":\"SearchAction\",\"target\":{\"@type\":\"EntryPoint\",\"urlTemplate\":\"https:\/\/www.lifeaudiologia.com.br\/?s={search_term_string}\"},\"query-input\":\"required name=search_term_string\"}],\"inLanguage\":\"pt-BR\"}]}<\/script>\n<!-- \/ Yoast SEO plugin. -->","yoast_head_json":{"title":"Contato - Life Audiologia | Aparelhos Auditivos","robots":{"index":"index","follow":"follow","max-snippet":"max-snippet:-1","max-image-preview":"max-image-preview:large","max-video-preview":"max-video-preview:-1"},"canonical":"https:\/\/www.lifeaudiologia.com.br\/?page_id=19","og_locale":"pt_BR","og_type":"article","og_title":"Contato - Life Audiologia | Aparelhos Auditivos","og_url":"https:\/\/www.lifeaudiologia.com.br\/?page_id=19","og_site_name":"Life Audiologia | Aparelhos Auditivos","article_modified_time":"2024-03-12T11:48:00+00:00","twitter_card":"summary_large_image","twitter_misc":{"Est. tempo de leitura":"1 minuto"},"schema":{"@context":"https:\/\/schema.org","@graph":[{"@type":"WebPage","@id":"https:\/\/www.lifeaudiologia.com.br\/?page_id=19","url":"https:\/\/www.lifeaudiologia.com.br\/?page_id=19","name":"Contato - Life Audiologia | Aparelhos Auditivos","isPartOf":{"@id":"https:\/\/www.lifeaudiologia.com.br\/#website"},"datePublished":"2019-03-30T21:37:14+00:00","dateModified":"2024-03-12T11:48:00+00:00","breadcrumb":{"@id":"https:\/\/www.lifeaudiologia.com.br\/?page_id=19#breadcrumb"},"inLanguage":"pt-BR","potentialAction":[{"@type":"ReadAction","target":["https:\/\/www.lifeaudiologia.com.br\/?page_id=19"]}]},{"@type":"BreadcrumbList","@id":"https:\/\/www.lifeaudiologia.com.br\/?page_id=19#breadcrumb","itemListElement":[{"@type":"ListItem","position":1,"name":"In\u00edcio","item":"https:\/\/www.lifeaudiologia.com.br\/"},{"@type":"ListItem","position":2,"name":"Contato"}]},{"@type":"WebSite","@id":"https:\/\/www.lifeaudiologia.com.br\/#website","url":"https:\/\/www.lifeaudiologia.com.br\/","name":"Life Audiologia | Aparelhos Auditivos","description":"As Melhores solu\u00e7\u00f5es em aparelhos auditivos!","potentialAction":[{"@type":"SearchAction","target":{"@type":"EntryPoint","urlTemplate":"https:\/\/www.lifeaudiologia.com.br\/?s={search_term_string}"},"query-input":"required name=search_term_string"}],"inLanguage":"pt-BR"}]}},"_links":{"self":[{"href":"https:\/\/www.lifeaudiologia.com.br\/index.php?rest_route=\/wp\/v2\/pages\/19","targetHints":{"allow":["GET"]}}],"collection":[{"href":"https:\/\/www.lifeaudiologia.com.br\/index.php?rest_route=\/wp\/v2\/pages"}],"about":[{"href":"https:\/\/www.lifeaudiologia.com.br\/index.php?rest_route=\/wp\/v2\/types\/page"}],"author":[{"embeddable":true,"href":"https:\/\/www.lifeaudiologia.com.br\/index.php?rest_route=\/wp\/v2\/users\/1"}],"replies":[{"embeddable":true,"href":"https:\/\/www.lifeaudiologia.com.br\/index.php?rest_route=%2Fwp%2Fv2%2Fcomments&post=19"}],"version-history":[{"count":8,"href":"https:\/\/www.lifeaudiologia.com.br\/index.php?rest_route=\/wp\/v2\/pages\/19\/revisions"}],"predecessor-version":[{"id":1331,"href":"https:\/\/www.lifeaudiologia.com.br\/index.php?rest_route=\/wp\/v2\/pages\/19\/revisions\/1331"}],"wp:attachment":[{"href":"https:\/\/www.lifeaudiologia.com.br\/index.php?rest_route=%2Fwp%2Fv2%2Fmedia&parent=19"}],"curies":[{"name":"wp","href":"https:\/\/api.w.org\/{rel}","templated":true}]}}