{"id":21,"date":"2019-03-30T18:56:41","date_gmt":"2019-03-30T21:56:41","guid":{"rendered":"https:\/\/www.lifeaudiologia.com.br\/novo\/?page_id=21"},"modified":"2022-06-05T15:44:22","modified_gmt":"2022-06-05T18:44:22","slug":"blog-da-audicao","status":"publish","type":"page","link":"https:\/\/www.lifeaudiologia.com.br\/?page_id=21","title":{"rendered":"BLOG DA AUDI\u00c7\u00c3O"},"content":{"rendered":"<section class=\"l-section wpb_row height_large color_primary with_img parallax_ver with_overlay\"><div class=\"l-section-img\" style=\"background-image: url(https:\/\/www.lifeaudiologia.com.br\/wp-content\/uploads\/2020\/09\/dicas_de_saude.jpg);background-position: top center;\" data-img-width=\"1920\" data-img-height=\"1080\"><\/div><div class=\"l-section-overlay\" style=\"background-color: rgba(16,37,102,0.14)\"><\/div><div class=\"l-section-h i-cf\"><div class=\"g-cols offset_small valign_bottom\"><div class=\"vc_col-sm-12 wpb_column vc_column_container\"><div class=\"vc_column-inner\"><div class=\"w-separator type_invisible size_large thick_1 style_solid color_border cont_none\"><span class=\"w-separator-h\"><\/span><\/div><div class=\"w-separator type_invisible size_large thick_1 style_solid color_border cont_none\"><span class=\"w-separator-h\"><\/span><\/div><div class=\"wpb_text_column \"><div class=\"wpb_wrapper\">\n<h1 style=\"text-align: left;\">DICAS DE<strong> SA\u00daDE<\/strong><\/h1>\n<\/div> <\/div> <\/div><\/div><\/div><\/div><\/section><section class=\"l-section wpb_row height_large color_alternate\"><div class=\"l-section-h i-cf\"><div class=\"g-cols offset_small\"><div class=\"vc_col-sm-12 wpb_column vc_column_container\"><div class=\"vc_column-inner\"><div class=\"w-blog layout_cards cols_3 with_categories\" itemscope=\"itemscope\" itemtype=\"https:\/\/schema.org\/Blog\"><div class=\"w-blog-list\">\n\n<article class=\"w-blog-post dicas post-1301 post type-post status-publish format-standard has-post-thumbnail hentry category-dicas\" data-id=\"1301\" data-categories=\"dicas\">\n\t<div class=\"w-blog-post-h\">\n\t\t<a href=\"https:\/\/www.lifeaudiologia.com.br\/?p=1301\">\n\t\t\t<div class=\"w-blog-post-preview\">\n\t\t\t\t<img loading=\"lazy\" decoding=\"async\" width=\"600\" height=\"400\" src=\"https:\/\/www.lifeaudiologia.com.br\/wp-content\/uploads\/2023\/09\/hastes-flexiveis.webp\" class=\"attachment-tnail-3x2 size-tnail-3x2 wp-post-image\" alt=\"hastes flexi\u0301veis podem causar problemas\" srcset=\"https:\/\/www.lifeaudiologia.com.br\/wp-content\/uploads\/2023\/09\/hastes-flexiveis.webp 600w, https:\/\/www.lifeaudiologia.com.br\/wp-content\/uploads\/2023\/09\/hastes-flexiveis-300x200.webp 300w\" sizes=\"auto, (max-width: 600px) 100vw, 600px\" \/>\t\t\t\t<span class=\"w-blog-post-preview-icon\" style=\"padding-bottom: 66.6667%;\"><\/span>\n\t\t\t<\/div>\n\t\t<\/a>\n\t\t<div class=\"w-blog-post-body\">\n\t\t\t<h2 class=\"w-blog-post-title\">\n\t\t\t\t<a class=\"entry-title\" rel=\"bookmark\" href=\"https:\/\/www.lifeaudiologia.com.br\/?p=1301\">Hastes flex\u00edveis representam perigo sim!<\/a>\n\t\t\t<\/h2>\n\t\t\t<div class=\"w-blog-post-meta\">\n\t\t\t\t<time class=\"w-blog-post-meta-date date updated\">18 de setembro de 2023<\/time><span class=\"w-blog-post-meta-category\"><a href=\"https:\/\/www.lifeaudiologia.com.br\/?cat=2\" rel=\"category\">Dicas<\/a><\/span><span class=\"w-blog-post-meta-author vcard author hidden\"><a href=\"https:\/\/www.lifeaudiologia.com.br\/?author=1\" class=\"fn\">admin<\/a><\/span>\t\t\t<\/div>\n\t\t\t<div class=\"w-blog-post-content\">\n\t\t\t\t<p>Todos j\u00e1 sabem que n\u00e3o \u00e9 recomend\u00e1vel inserir qualquer tipo de objeto na orelha. Por\u00e9m, as hastes flex\u00edveis, os famosos cotonetes, s\u00e3o usadas com frequ\u00eancia e sem a devida aten\u00e7\u00e3o. Voc\u00ea sabe porqu\u00ea n\u00e3o \u00e9 aconselh\u00e1vel usar hastes flex\u00edveis? O cerume(cera), produzida pelas gl\u00e2ndulas ceruminosas, localizadas na parte mais externa do canal auditivo, tem fun\u00e7\u00e3o&#8230;<\/p>\n\t\t\t<\/div>\n\t\t<\/div>\n\t<\/div>\n<\/article>\n\n\n\n<article class=\"w-blog-post dicas post-1293 post type-post status-publish format-standard has-post-thumbnail hentry category-dicas\" data-id=\"1293\" data-categories=\"dicas\">\n\t<div class=\"w-blog-post-h\">\n\t\t<a href=\"https:\/\/www.lifeaudiologia.com.br\/?p=1293\">\n\t\t\t<div class=\"w-blog-post-preview\">\n\t\t\t\t<img loading=\"lazy\" decoding=\"async\" width=\"600\" height=\"400\" src=\"https:\/\/www.lifeaudiologia.com.br\/wp-content\/uploads\/2023\/08\/perda-auditiva-Alzheimer.webp\" class=\"attachment-tnail-3x2 size-tnail-3x2 wp-post-image\" alt=\"perda auditiva, uso de aparelho auditivo e o Alzheimer\" srcset=\"https:\/\/www.lifeaudiologia.com.br\/wp-content\/uploads\/2023\/08\/perda-auditiva-Alzheimer.webp 600w, https:\/\/www.lifeaudiologia.com.br\/wp-content\/uploads\/2023\/08\/perda-auditiva-Alzheimer-300x200.webp 300w\" sizes=\"auto, (max-width: 600px) 100vw, 600px\" \/>\t\t\t\t<span class=\"w-blog-post-preview-icon\" style=\"padding-bottom: 66.6667%;\"><\/span>\n\t\t\t<\/div>\n\t\t<\/a>\n\t\t<div class=\"w-blog-post-body\">\n\t\t\t<h2 class=\"w-blog-post-title\">\n\t\t\t\t<a class=\"entry-title\" rel=\"bookmark\" href=\"https:\/\/www.lifeaudiologia.com.br\/?p=1293\">Alzheimer e perda auditiva, existe alguma rela\u00e7\u00e3o?<\/a>\n\t\t\t<\/h2>\n\t\t\t<div class=\"w-blog-post-meta\">\n\t\t\t\t<time class=\"w-blog-post-meta-date date updated\">1 de agosto de 2023<\/time><span class=\"w-blog-post-meta-category\"><a href=\"https:\/\/www.lifeaudiologia.com.br\/?cat=2\" rel=\"category\">Dicas<\/a><\/span><span class=\"w-blog-post-meta-author vcard author hidden\"><a href=\"https:\/\/www.lifeaudiologia.com.br\/?author=1\" class=\"fn\">admin<\/a><\/span>\t\t\t<\/div>\n\t\t\t<div class=\"w-blog-post-content\">\n\t\t\t\t<p>Um estudo realizado pela Universidade Johns Hopkins, nos Estados Unidos, mostra que, a cada dez decib\u00e9is perdidos na audi\u00e7\u00e3o, o risco de doen\u00e7as cerebrais como o Alzheimer aumenta em 27%. A pesquisa acompanhou por mais uma d\u00e9cada dois mil americanos acima dos 50 anos e constatou que aqueles que tinham perda auditiva apresentaram mais danos&#8230;<\/p>\n\t\t\t<\/div>\n\t\t<\/div>\n\t<\/div>\n<\/article>\n\n\n\n<article class=\"w-blog-post dicas post-1282 post type-post status-publish format-standard has-post-thumbnail hentry category-dicas\" data-id=\"1282\" data-categories=\"dicas\">\n\t<div class=\"w-blog-post-h\">\n\t\t<a href=\"https:\/\/www.lifeaudiologia.com.br\/?p=1282\">\n\t\t\t<div class=\"w-blog-post-preview\">\n\t\t\t\t<img loading=\"lazy\" decoding=\"async\" width=\"600\" height=\"400\" src=\"https:\/\/www.lifeaudiologia.com.br\/wp-content\/uploads\/2023\/06\/zumbido.png\" class=\"attachment-tnail-3x2 size-tnail-3x2 wp-post-image\" alt=\"Alivie o Zumbido com o uso de aparelhos auditivos\" srcset=\"https:\/\/www.lifeaudiologia.com.br\/wp-content\/uploads\/2023\/06\/zumbido.png 600w, https:\/\/www.lifeaudiologia.com.br\/wp-content\/uploads\/2023\/06\/zumbido-300x200.png 300w\" sizes=\"auto, (max-width: 600px) 100vw, 600px\" \/>\t\t\t\t<span class=\"w-blog-post-preview-icon\" style=\"padding-bottom: 66.6667%;\"><\/span>\n\t\t\t<\/div>\n\t\t<\/a>\n\t\t<div class=\"w-blog-post-body\">\n\t\t\t<h2 class=\"w-blog-post-title\">\n\t\t\t\t<a class=\"entry-title\" rel=\"bookmark\" href=\"https:\/\/www.lifeaudiologia.com.br\/?p=1282\">O ZUMBIDO TEM TRATAMENTO?<\/a>\n\t\t\t<\/h2>\n\t\t\t<div class=\"w-blog-post-meta\">\n\t\t\t\t<time class=\"w-blog-post-meta-date date updated\">22 de junho de 2023<\/time><span class=\"w-blog-post-meta-category\"><a href=\"https:\/\/www.lifeaudiologia.com.br\/?cat=2\" rel=\"category\">Dicas<\/a><\/span><span class=\"w-blog-post-meta-author vcard author hidden\"><a href=\"https:\/\/www.lifeaudiologia.com.br\/?author=1\" class=\"fn\">admin<\/a><\/span>\t\t\t<\/div>\n\t\t\t<div class=\"w-blog-post-content\">\n\t\t\t\t<p>Voc\u00ea sofre com o zumbido? Para entender um pouco melhor esse desconforto, \u00e9 importante lembrar que o zumbido \u00e9 a percep\u00e7\u00e3o do som na aus\u00eancia de som externo. Isso significa que o zumbido, o assobio ou o burburinho nos ouvidos, apenas pode ser ouvido pela pessoa afetada. O zumbido \u00e9 um sintoma que pode ter&#8230;<\/p>\n\t\t\t<\/div>\n\t\t<\/div>\n\t<\/div>\n<\/article>\n\n\n\n<article class=\"w-blog-post dicas post-231 post type-post status-publish format-standard has-post-thumbnail hentry category-dicas\" data-id=\"231\" data-categories=\"dicas\">\n\t<div class=\"w-blog-post-h\">\n\t\t<a href=\"https:\/\/www.lifeaudiologia.com.br\/?p=231\">\n\t\t\t<div class=\"w-blog-post-preview\">\n\t\t\t\t<img loading=\"lazy\" decoding=\"async\" width=\"600\" height=\"400\" src=\"https:\/\/www.lifeaudiologia.com.br\/wp-content\/uploads\/2019\/03\/post_mitos1-600x400.jpg\" class=\"attachment-tnail-3x2 size-tnail-3x2 wp-post-image\" alt=\"\" \/>\t\t\t\t<span class=\"w-blog-post-preview-icon\" style=\"padding-bottom: 66.6667%;\"><\/span>\n\t\t\t<\/div>\n\t\t<\/a>\n\t\t<div class=\"w-blog-post-body\">\n\t\t\t<h2 class=\"w-blog-post-title\">\n\t\t\t\t<a class=\"entry-title\" rel=\"bookmark\" href=\"https:\/\/www.lifeaudiologia.com.br\/?p=231\">7 MITOS SOBRE APARELHOS AUDITIVOS E PERDA AUDITIVA<\/a>\n\t\t\t<\/h2>\n\t\t\t<div class=\"w-blog-post-meta\">\n\t\t\t\t<time class=\"w-blog-post-meta-date date updated\">31 de mar\u00e7o de 2019<\/time><span class=\"w-blog-post-meta-category\"><a href=\"https:\/\/www.lifeaudiologia.com.br\/?cat=2\" rel=\"category\">Dicas<\/a><\/span><span class=\"w-blog-post-meta-author vcard author hidden\"><a href=\"https:\/\/www.lifeaudiologia.com.br\/?author=1\" class=\"fn\">admin<\/a><\/span>\t\t\t<\/div>\n\t\t\t<div class=\"w-blog-post-content\">\n\t\t\t\t<p>A perda auditiva tem se tornado cada vez mais frequente na popula\u00e7\u00e3o mundial. Antigos aparelhos auditivos desconfort\u00e1veis e com apar\u00eancia est\u00e9tica agressiva colaboraram para o surgimento de alguns mitos. Confira essa lista que elaboramos para desmascarar algumas afirma\u00e7\u00f5es equivocadas que ainda est\u00e3o presentes em nossa sociedade. 1 &#8211; Somente os mais velhos possuem perda auditiva&#8230;<\/p>\n\t\t\t<\/div>\n\t\t<\/div>\n\t<\/div>\n<\/article>\n\n\n\n<article class=\"w-blog-post dicas post-228 post type-post status-publish format-standard has-post-thumbnail hentry category-dicas\" data-id=\"228\" data-categories=\"dicas\">\n\t<div class=\"w-blog-post-h\">\n\t\t<a href=\"https:\/\/www.lifeaudiologia.com.br\/?p=228\">\n\t\t\t<div class=\"w-blog-post-preview\">\n\t\t\t\t<img loading=\"lazy\" decoding=\"async\" width=\"600\" height=\"400\" src=\"https:\/\/www.lifeaudiologia.com.br\/wp-content\/uploads\/2019\/03\/post_depre1-600x400.jpg\" class=\"attachment-tnail-3x2 size-tnail-3x2 wp-post-image\" alt=\"\" \/>\t\t\t\t<span class=\"w-blog-post-preview-icon\" style=\"padding-bottom: 66.6667%;\"><\/span>\n\t\t\t<\/div>\n\t\t<\/a>\n\t\t<div class=\"w-blog-post-body\">\n\t\t\t<h2 class=\"w-blog-post-title\">\n\t\t\t\t<a class=\"entry-title\" rel=\"bookmark\" href=\"https:\/\/www.lifeaudiologia.com.br\/?p=228\">COMO A DEFICI\u00caNCIA AUDITIVA PODE LEVAR \u00c0 DEPRESS\u00c3O<\/a>\n\t\t\t<\/h2>\n\t\t\t<div class=\"w-blog-post-meta\">\n\t\t\t\t<time class=\"w-blog-post-meta-date date updated\">31 de mar\u00e7o de 2019<\/time><span class=\"w-blog-post-meta-category\"><a href=\"https:\/\/www.lifeaudiologia.com.br\/?cat=2\" rel=\"category\">Dicas<\/a><\/span><span class=\"w-blog-post-meta-author vcard author hidden\"><a href=\"https:\/\/www.lifeaudiologia.com.br\/?author=1\" class=\"fn\">admin<\/a><\/span>\t\t\t<\/div>\n\t\t\t<div class=\"w-blog-post-content\">\n\t\t\t\t<p>Como a defici\u00eancia auditiva\u00a0 pode levar \u2013 e leva! \u2013 \u00e0 depress\u00e3o Antes de mais nada, uma coisa precisa ficar clara: a surdez, por si s\u00f3, n\u00e3o \u00e9 um\u00a0pr\u00e9-requisito para a depress\u00e3o. Dito isto, precisamos entender que a dificuldade em ouvir pode levar a um processo de exclus\u00e3o social e, mais tarde, sim, \u00e0 depress\u00e3o.Isso&#8230;<\/p>\n\t\t\t<\/div>\n\t\t<\/div>\n\t<\/div>\n<\/article>\n\n\n\n<article class=\"w-blog-post dicas post-225 post type-post status-publish format-standard has-post-thumbnail hentry category-dicas\" data-id=\"225\" data-categories=\"dicas\">\n\t<div class=\"w-blog-post-h\">\n\t\t<a href=\"https:\/\/www.lifeaudiologia.com.br\/?p=225\">\n\t\t\t<div class=\"w-blog-post-preview\">\n\t\t\t\t<img loading=\"lazy\" decoding=\"async\" width=\"600\" height=\"400\" src=\"https:\/\/www.lifeaudiologia.com.br\/wp-content\/uploads\/2019\/03\/post_perda30_1-600x400.jpg\" class=\"attachment-tnail-3x2 size-tnail-3x2 wp-post-image\" alt=\"\" \/>\t\t\t\t<span class=\"w-blog-post-preview-icon\" style=\"padding-bottom: 66.6667%;\"><\/span>\n\t\t\t<\/div>\n\t\t<\/a>\n\t\t<div class=\"w-blog-post-body\">\n\t\t\t<h2 class=\"w-blog-post-title\">\n\t\t\t\t<a class=\"entry-title\" rel=\"bookmark\" href=\"https:\/\/www.lifeaudiologia.com.br\/?p=225\">QUEBRANDO O TABU: A PERDA DE AUDI\u00c7\u00c3O COME\u00c7A AOS 30<\/a>\n\t\t\t<\/h2>\n\t\t\t<div class=\"w-blog-post-meta\">\n\t\t\t\t<time class=\"w-blog-post-meta-date date updated\">31 de mar\u00e7o de 2019<\/time><span class=\"w-blog-post-meta-category\"><a href=\"https:\/\/www.lifeaudiologia.com.br\/?cat=2\" rel=\"category\">Dicas<\/a><\/span><span class=\"w-blog-post-meta-author vcard author hidden\"><a href=\"https:\/\/www.lifeaudiologia.com.br\/?author=1\" class=\"fn\">admin<\/a><\/span>\t\t\t<\/div>\n\t\t\t<div class=\"w-blog-post-content\">\n\t\t\t\t<p>Est\u00e1 confirmado: se n\u00e3o todas, a maioria das pessoas come\u00e7a a perder a audi\u00e7\u00e3o quando atinge uma idade entre 30 e 40 anos. Esta informa\u00e7\u00e3o vem para quebrar o tabu de que surdez \u00e9 algo que vem somente para pessoas da terceira idade. Al\u00e9m disso, existem exce\u00e7\u00f5es &#8211; como casos em que a crian\u00e7a j\u00e1&#8230;<\/p>\n\t\t\t<\/div>\n\t\t<\/div>\n\t<\/div>\n<\/article>\n\n\n\n<article class=\"w-blog-post dicas post-32 post type-post status-publish format-standard has-post-thumbnail hentry category-dicas\" data-id=\"32\" data-categories=\"dicas\">\n\t<div class=\"w-blog-post-h\">\n\t\t<a href=\"https:\/\/www.lifeaudiologia.com.br\/?p=32\">\n\t\t\t<div class=\"w-blog-post-preview\">\n\t\t\t\t<img loading=\"lazy\" decoding=\"async\" width=\"600\" height=\"400\" src=\"https:\/\/www.lifeaudiologia.com.br\/wp-content\/uploads\/2019\/03\/post_tipod_perda2-600x400.jpg\" class=\"attachment-tnail-3x2 size-tnail-3x2 wp-post-image\" alt=\"\" \/>\t\t\t\t<span class=\"w-blog-post-preview-icon\" style=\"padding-bottom: 66.6667%;\"><\/span>\n\t\t\t<\/div>\n\t\t<\/a>\n\t\t<div class=\"w-blog-post-body\">\n\t\t\t<h2 class=\"w-blog-post-title\">\n\t\t\t\t<a class=\"entry-title\" rel=\"bookmark\" href=\"https:\/\/www.lifeaudiologia.com.br\/?p=32\">COMPREENDA A PERDA AUDITIVA<\/a>\n\t\t\t<\/h2>\n\t\t\t<div class=\"w-blog-post-meta\">\n\t\t\t\t<time class=\"w-blog-post-meta-date date updated\">30 de mar\u00e7o de 2019<\/time><span class=\"w-blog-post-meta-category\"><a href=\"https:\/\/www.lifeaudiologia.com.br\/?cat=2\" rel=\"category\">Dicas<\/a><\/span><span class=\"w-blog-post-meta-author vcard author hidden\"><a href=\"https:\/\/www.lifeaudiologia.com.br\/?author=1\" class=\"fn\">admin<\/a><\/span>\t\t\t<\/div>\n\t\t\t<div class=\"w-blog-post-content\">\n\t\t\t\t<p>Sinais de perda auditiva Pare, respire e ou\u00e7a! Nossos ouvidos est\u00e3o sempre em funcionamento, tal como os sons ao nosso redor. Celulares tocando, pessoas conversando, c\u00e3es latindo, tr\u00e1fego causando ru\u00eddo, o canto dos p\u00e1ssaros, mas quais destes sons voc\u00ea \u00e9 capaz de identificar? \u00c9 importante reservar um momento e ouvir simplesmente o mundo ao seu&#8230;<\/p>\n\t\t\t<\/div>\n\t\t<\/div>\n\t<\/div>\n<\/article>\n\n\n\n<article class=\"w-blog-post dicas post-30 post type-post status-publish format-standard has-post-thumbnail hentry category-dicas\" data-id=\"30\" data-categories=\"dicas\">\n\t<div class=\"w-blog-post-h\">\n\t\t<a href=\"https:\/\/www.lifeaudiologia.com.br\/?p=30\">\n\t\t\t<div class=\"w-blog-post-preview\">\n\t\t\t\t<img loading=\"lazy\" decoding=\"async\" width=\"600\" height=\"400\" src=\"https:\/\/www.lifeaudiologia.com.br\/wp-content\/uploads\/2019\/03\/post_passo2-600x400.jpg\" class=\"attachment-tnail-3x2 size-tnail-3x2 wp-post-image\" alt=\"\" \/>\t\t\t\t<span class=\"w-blog-post-preview-icon\" style=\"padding-bottom: 66.6667%;\"><\/span>\n\t\t\t<\/div>\n\t\t<\/a>\n\t\t<div class=\"w-blog-post-body\">\n\t\t\t<h2 class=\"w-blog-post-title\">\n\t\t\t\t<a class=\"entry-title\" rel=\"bookmark\" href=\"https:\/\/www.lifeaudiologia.com.br\/?p=30\">D\u00ca O 1\u00ba PASSO<\/a>\n\t\t\t<\/h2>\n\t\t\t<div class=\"w-blog-post-meta\">\n\t\t\t\t<time class=\"w-blog-post-meta-date date updated\">30 de mar\u00e7o de 2019<\/time><span class=\"w-blog-post-meta-category\"><a href=\"https:\/\/www.lifeaudiologia.com.br\/?cat=2\" rel=\"category\">Dicas<\/a><\/span><span class=\"w-blog-post-meta-author vcard author hidden\"><a href=\"https:\/\/www.lifeaudiologia.com.br\/?author=1\" class=\"fn\">admin<\/a><\/span>\t\t\t<\/div>\n\t\t\t<div class=\"w-blog-post-content\">\n\t\t\t\t<p>Como melhorar a audi\u00e7\u00e3o Agora que voc\u00ea deu o primeiro passo, coisas belas come\u00e7ar\u00e3o a acontecer. Em conjunto com seu profissional de sa\u00fade auditiva, estamos aqui para gui\u00e1-lo na sua jornada em busca de uma audi\u00e7\u00e3o melhor e para garantirmos que voc\u00ea obter\u00e1 o melhor para si. 1. Voc\u00ea fala Na sua primeira visita, voc\u00ea&#8230;<\/p>\n\t\t\t<\/div>\n\t\t<\/div>\n\t<\/div>\n<\/article>\n\n<\/div><\/div><\/div><\/div><\/div><\/div><\/section>\n","protected":false},"excerpt":{"rendered":"Como melhorar a audi\u00e7\u00e3o Agora que voc\u00ea deu o primeiro passo, coisas belas come\u00e7ar\u00e3o a acontecer. Em conjunto com seu profissional de sa\u00fade auditiva, estamos aqui para gui\u00e1-lo na sua jornada em busca de uma audi\u00e7\u00e3o melhor e para garantirmos que voc\u00ea obter\u00e1 o melhor para si. 1. Voc\u00ea fala Na sua primeira visita, voc\u00ea...","protected":false},"author":1,"featured_media":0,"parent":0,"menu_order":0,"comment_status":"closed","ping_status":"closed","template":"","meta":{"footnotes":""},"class_list":["post-21","page","type-page","status-publish","hentry"],"yoast_head":"<!-- This site is optimized with the Yoast SEO plugin v20.7 - https:\/\/yoast.com\/wordpress\/plugins\/seo\/ -->\n<title>BLOG DA AUDI\u00c7\u00c3O - Life Audiologia | Aparelhos Auditivos<\/title>\n<meta name=\"robots\" content=\"index, follow, max-snippet:-1, max-image-preview:large, max-video-preview:-1\" \/>\n<link rel=\"canonical\" href=\"https:\/\/www.lifeaudiologia.com.br\/?page_id=21\" \/>\n<meta property=\"og:locale\" content=\"pt_BR\" \/>\n<meta property=\"og:type\" content=\"article\" \/>\n<meta property=\"og:title\" content=\"BLOG DA AUDI\u00c7\u00c3O - Life Audiologia | Aparelhos Auditivos\" \/>\n<meta property=\"og:url\" content=\"https:\/\/www.lifeaudiologia.com.br\/?page_id=21\" \/>\n<meta property=\"og:site_name\" content=\"Life Audiologia | Aparelhos Auditivos\" \/>\n<meta property=\"article:modified_time\" content=\"2022-06-05T18:44:22+00:00\" \/>\n<meta name=\"twitter:card\" content=\"summary_large_image\" \/>\n<meta name=\"twitter:label1\" content=\"Est. tempo de leitura\" \/>\n\t<meta name=\"twitter:data1\" content=\"1 minuto\" \/>\n<script type=\"application\/ld+json\" class=\"yoast-schema-graph\">{\"@context\":\"https:\/\/schema.org\",\"@graph\":[{\"@type\":\"WebPage\",\"@id\":\"https:\/\/www.lifeaudiologia.com.br\/?page_id=21\",\"url\":\"https:\/\/www.lifeaudiologia.com.br\/?page_id=21\",\"name\":\"BLOG DA AUDI\u00c7\u00c3O - Life Audiologia | Aparelhos Auditivos\",\"isPartOf\":{\"@id\":\"https:\/\/www.lifeaudiologia.com.br\/#website\"},\"datePublished\":\"2019-03-30T21:56:41+00:00\",\"dateModified\":\"2022-06-05T18:44:22+00:00\",\"breadcrumb\":{\"@id\":\"https:\/\/www.lifeaudiologia.com.br\/?page_id=21#breadcrumb\"},\"inLanguage\":\"pt-BR\",\"potentialAction\":[{\"@type\":\"ReadAction\",\"target\":[\"https:\/\/www.lifeaudiologia.com.br\/?page_id=21\"]}]},{\"@type\":\"BreadcrumbList\",\"@id\":\"https:\/\/www.lifeaudiologia.com.br\/?page_id=21#breadcrumb\",\"itemListElement\":[{\"@type\":\"ListItem\",\"position\":1,\"name\":\"In\u00edcio\",\"item\":\"https:\/\/www.lifeaudiologia.com.br\/\"},{\"@type\":\"ListItem\",\"position\":2,\"name\":\"BLOG DA AUDI\u00c7\u00c3O\"}]},{\"@type\":\"WebSite\",\"@id\":\"https:\/\/www.lifeaudiologia.com.br\/#website\",\"url\":\"https:\/\/www.lifeaudiologia.com.br\/\",\"name\":\"Life Audiologia | Aparelhos Auditivos\",\"description\":\"As Melhores solu\u00e7\u00f5es em aparelhos auditivos!\",\"potentialAction\":[{\"@type\":\"SearchAction\",\"target\":{\"@type\":\"EntryPoint\",\"urlTemplate\":\"https:\/\/www.lifeaudiologia.com.br\/?s={search_term_string}\"},\"query-input\":\"required name=search_term_string\"}],\"inLanguage\":\"pt-BR\"}]}<\/script>\n<!-- \/ Yoast SEO plugin. -->","yoast_head_json":{"title":"BLOG DA AUDI\u00c7\u00c3O - Life Audiologia | Aparelhos Auditivos","robots":{"index":"index","follow":"follow","max-snippet":"max-snippet:-1","max-image-preview":"max-image-preview:large","max-video-preview":"max-video-preview:-1"},"canonical":"https:\/\/www.lifeaudiologia.com.br\/?page_id=21","og_locale":"pt_BR","og_type":"article","og_title":"BLOG DA AUDI\u00c7\u00c3O - Life Audiologia | Aparelhos Auditivos","og_url":"https:\/\/www.lifeaudiologia.com.br\/?page_id=21","og_site_name":"Life Audiologia | Aparelhos Auditivos","article_modified_time":"2022-06-05T18:44:22+00:00","twitter_card":"summary_large_image","twitter_misc":{"Est. tempo de leitura":"1 minuto"},"schema":{"@context":"https:\/\/schema.org","@graph":[{"@type":"WebPage","@id":"https:\/\/www.lifeaudiologia.com.br\/?page_id=21","url":"https:\/\/www.lifeaudiologia.com.br\/?page_id=21","name":"BLOG DA AUDI\u00c7\u00c3O - Life Audiologia | Aparelhos Auditivos","isPartOf":{"@id":"https:\/\/www.lifeaudiologia.com.br\/#website"},"datePublished":"2019-03-30T21:56:41+00:00","dateModified":"2022-06-05T18:44:22+00:00","breadcrumb":{"@id":"https:\/\/www.lifeaudiologia.com.br\/?page_id=21#breadcrumb"},"inLanguage":"pt-BR","potentialAction":[{"@type":"ReadAction","target":["https:\/\/www.lifeaudiologia.com.br\/?page_id=21"]}]},{"@type":"BreadcrumbList","@id":"https:\/\/www.lifeaudiologia.com.br\/?page_id=21#breadcrumb","itemListElement":[{"@type":"ListItem","position":1,"name":"In\u00edcio","item":"https:\/\/www.lifeaudiologia.com.br\/"},{"@type":"ListItem","position":2,"name":"BLOG DA AUDI\u00c7\u00c3O"}]},{"@type":"WebSite","@id":"https:\/\/www.lifeaudiologia.com.br\/#website","url":"https:\/\/www.lifeaudiologia.com.br\/","name":"Life Audiologia | Aparelhos Auditivos","description":"As Melhores solu\u00e7\u00f5es em aparelhos auditivos!","potentialAction":[{"@type":"SearchAction","target":{"@type":"EntryPoint","urlTemplate":"https:\/\/www.lifeaudiologia.com.br\/?s={search_term_string}"},"query-input":"required name=search_term_string"}],"inLanguage":"pt-BR"}]}},"_links":{"self":[{"href":"https:\/\/www.lifeaudiologia.com.br\/index.php?rest_route=\/wp\/v2\/pages\/21","targetHints":{"allow":["GET"]}}],"collection":[{"href":"https:\/\/www.lifeaudiologia.com.br\/index.php?rest_route=\/wp\/v2\/pages"}],"about":[{"href":"https:\/\/www.lifeaudiologia.com.br\/index.php?rest_route=\/wp\/v2\/types\/page"}],"author":[{"embeddable":true,"href":"https:\/\/www.lifeaudiologia.com.br\/index.php?rest_route=\/wp\/v2\/users\/1"}],"replies":[{"embeddable":true,"href":"https:\/\/www.lifeaudiologia.com.br\/index.php?rest_route=%2Fwp%2Fv2%2Fcomments&post=21"}],"version-history":[{"count":1,"href":"https:\/\/www.lifeaudiologia.com.br\/index.php?rest_route=\/wp\/v2\/pages\/21\/revisions"}],"predecessor-version":[{"id":1256,"href":"https:\/\/www.lifeaudiologia.com.br\/index.php?rest_route=\/wp\/v2\/pages\/21\/revisions\/1256"}],"wp:attachment":[{"href":"https:\/\/www.lifeaudiologia.com.br\/index.php?rest_route=%2Fwp%2Fv2%2Fmedia&parent=21"}],"curies":[{"name":"wp","href":"https:\/\/api.w.org\/{rel}","templated":true}]}}