{"id":25,"date":"2019-03-30T18:58:36","date_gmt":"2019-03-30T21:58:36","guid":{"rendered":"https:\/\/www.lifeaudiologia.com.br\/novo\/?page_id=25"},"modified":"2024-09-11T13:51:47","modified_gmt":"2024-09-11T16:51:47","slug":"os-mais-desejados-aparelhos-auditivos-do-mercado","status":"publish","type":"page","link":"https:\/\/www.lifeaudiologia.com.br\/?page_id=25","title":{"rendered":"LIFE APARELHOS AUDITIVOS"},"content":{"rendered":"<section class=\"l-section wpb_row height_large color_primary with_img parallax_ver with_overlay\"><div class=\"l-section-img\" style=\"background-image: url(https:\/\/www.lifeaudiologia.com.br\/wp-content\/uploads\/2021\/11\/LIFE_APARELHOS_AUDITIVOS.jpg);background-position: bottom center;background-repeat: no-repeat;\" data-img-width=\"1280\" data-img-height=\"300\"><\/div><div class=\"l-section-overlay\" style=\"background-color: rgba(0,0,0,0.05)\"><\/div><div class=\"l-section-h i-cf\"><div class=\"g-cols offset_small valign_middle\"><div class=\"vc_col-sm-12 wpb_column vc_column_container\"><div class=\"vc_column-inner\"><div class=\"w-separator type_invisible size_large thick_1 style_solid color_border cont_none\"><span class=\"w-separator-h\"><\/span><\/div><div class=\"w-separator type_invisible size_large thick_1 style_solid color_border cont_none\"><span class=\"w-separator-h\"><\/span><\/div><div class=\"wpb_text_column \"><div class=\"wpb_wrapper\">\n<h2 style=\"text-align: left;\"><strong>LIFE<\/strong> APARELHOS AUDITIVOS<\/h2>\n<\/div> <\/div> <\/div><\/div><\/div><\/div><\/section><section class=\"l-section wpb_row height_large\"><div class=\"l-section-h i-cf\"><div class=\"g-cols offset_small\"><div class=\"vc_col-sm-6 wpb_column vc_column_container animate_afl\"><div class=\"vc_column-inner\"><div class=\"w-separator type_invisible size_medium thick_1 style_solid color_border cont_none\"><span class=\"w-separator-h\"><\/span><\/div><div class=\"wpb_text_column \"><div class=\"wpb_wrapper\">\n<p style=\"text-align: left;\">A Life Aparelhos Auditivos, criada pelas\u00a0 fonoaudi\u00f3logas Amanda Machado e Let\u00edcia Pulla, nasceu com a miss\u00e3o de proporcionar maior qualidade de vida aos seus clientes atrav\u00e9s do cuidado e da valoriza\u00e7\u00e3o da sa\u00fade auditiva.<\/p>\n<p>Formadas em 2005\u00a0 pelo IPA &#8211; POA, as duas profissionais possuem especializa\u00e7\u00e3o em audiologia cl\u00ednica e ocupacional. Desde o princ\u00edpio, em quase duas d\u00e9cadas de atua\u00e7\u00e3o, atuam na \u00e1rea de avalia\u00e7\u00e3o, sele\u00e7\u00e3o e adapta\u00e7\u00e3o de pr\u00f3teses auditivas.<\/p>\n<p>Partindo do princ\u00edpio de que cada caso de perda auditiva tem suas particularidades, o trabalho na busca da mais adequada e ao mesmo tempo melhor solu\u00e7\u00e3o, \u00e9 desenvolvido de forma humanizada e personalizada, levando em conta a necessidade e o estilo de vida de cada paciente.<\/p>\n<p>Com parceria com as maiores e mais avan\u00e7adas empresas fabricantes de aparelhos auditivos do mundo, a Life oferece aos seus pacientes conforto, praticidade, tecnologia e design para uma audi\u00e7\u00e3o clara e com nitidez.<\/p>\n<p>Entre em contato, converse coma a gente e marque seu atendimento domiciliar ou em um dos dois endere\u00e7os em Porto Alegre, RS.<\/p>\n<p>D\u00ea o primeiro passo e comece a redescobrir os melhores sons da vida!<\/div> <\/div> <\/div><\/div><div class=\"vc_col-sm-6 wpb_column vc_column_container animate_afr\"><div class=\"vc_column-inner\"><div class=\"w-separator type_invisible size_medium thick_1 style_solid color_border cont_none\"><span class=\"w-separator-h\"><\/span><\/div><div class=\"w-slider border\"><div class=\"royalSlider rsDefault\"><div class=\"rsContent\"><img decoding=\"async\" class=\"rsImg\" data-rsw=\"600\" data-rsh=\"600\" src=\"https:\/\/www.lifeaudiologia.com.br\/wp-content\/uploads\/2024\/09\/Amanda_Life_Audiologia.webp\"><\/div><div class=\"rsContent\"><img decoding=\"async\" class=\"rsImg\" data-rsw=\"600\" data-rsh=\"600\" src=\"https:\/\/www.lifeaudiologia.com.br\/wp-content\/uploads\/2021\/11\/leticia.jpg\"><\/div><div class=\"rsContent\"><img decoding=\"async\" class=\"rsImg\" data-rsw=\"600\" data-rsh=\"600\" src=\"https:\/\/www.lifeaudiologia.com.br\/wp-content\/uploads\/2021\/11\/PHONAK_REXTON_ARGOSY.png\"><\/div><div class=\"rsContent\"><img decoding=\"async\" class=\"rsImg\" data-rsw=\"600\" data-rsh=\"600\" src=\"https:\/\/www.lifeaudiologia.com.br\/wp-content\/uploads\/2021\/11\/clinica_aura.png\"><\/div><\/div><div class=\"w-slider-json\" onclick='return {&quot;transitionSpeed&quot;:300,&quot;loopRewind&quot;:true,&quot;slidesSpacing&quot;:0,&quot;imageScalePadding&quot;:0,&quot;numImagesToPreload&quot;:2,&quot;arrowsNav&quot;:true,&quot;arrowsNavAutoHide&quot;:false,&quot;transitionType&quot;:&quot;move&quot;,&quot;block&quot;:{&quot;moveEffect&quot;:&quot;none&quot;,&quot;speed&quot;:300},&quot;controlNavigation&quot;:&quot;bullets&quot;,&quot;autoplay&quot;:{&quot;enabled&quot;:true,&quot;pauseOnHover&quot;:true,&quot;delay&quot;:3000},&quot;imageScaleMode&quot;:&quot;fit-if-smaller&quot;,&quot;autoScaleSlider&quot;:true,&quot;autoScaleSliderWidth&quot;:600,&quot;autoScaleSliderHeight&quot;:600,&quot;fitInViewport&quot;:false}'><\/div><\/div><div class=\"w-separator type_invisible size_small thick_1 style_solid color_border cont_none\"><span class=\"w-separator-h\"><\/span><\/div><div class=\"w-socials align_left style_desaturated index_1\" style=\"font-size: 24px;\"><div class=\"w-socials-list\"><div class=\"w-socials-item email\">\n\t\t\t\t<a class=\"w-socials-item-link\" target=\"_blank\" href=\"mailto:contato@lifeaudiologia.com.br\">\n\t\t\t\t\t<span class=\"w-socials-item-link-hover\"><\/span>\n\t\t\t\t<\/a>\n\t\t\t\t<div class=\"w-socials-item-popup\">\n\t\t\t\t\t<span>Email<\/span>\n\t\t\t\t<\/div>\n\t\t\t<\/div><div class=\"w-socials-item facebook\">\n\t\t\t\t<a class=\"w-socials-item-link\" target=\"_blank\" href=\"https:\/\/www.facebook.com\/lifeaudiologia\">\n\t\t\t\t\t<span class=\"w-socials-item-link-hover\"><\/span>\n\t\t\t\t<\/a>\n\t\t\t\t<div class=\"w-socials-item-popup\">\n\t\t\t\t\t<span>Facebook<\/span>\n\t\t\t\t<\/div>\n\t\t\t<\/div><div class=\"w-socials-item youtube\">\n\t\t\t\t<a class=\"w-socials-item-link\" target=\"_blank\" href=\"https:\/\/www.youtube.com\/@lifeaudiologia\">\n\t\t\t\t\t<span class=\"w-socials-item-link-hover\"><\/span>\n\t\t\t\t<\/a>\n\t\t\t\t<div class=\"w-socials-item-popup\">\n\t\t\t\t\t<span>YouTube<\/span>\n\t\t\t\t<\/div>\n\t\t\t<\/div><div class=\"w-socials-item instagram\">\n\t\t\t\t<a class=\"w-socials-item-link\" target=\"_blank\" href=\"https:\/\/www.instagram.com\/lifeaudiologia\/\">\n\t\t\t\t\t<span class=\"w-socials-item-link-hover\"><\/span>\n\t\t\t\t<\/a>\n\t\t\t\t<div class=\"w-socials-item-popup\">\n\t\t\t\t\t<span>Instagram<\/span>\n\t\t\t\t<\/div>\n\t\t\t<\/div><div class=\"w-socials-item custom\"><a class=\"w-socials-item-link\" target=\"_blank\" href=\"https:\/\/api.whatsapp.com\/send?phone=5551993996200&#038;text=Ol%C3%A1!%20Estou%20no%20site%20da%20Life%20e%20gostaria%20de%20mais%20informa%C3%A7%C3%B5es!\"><span class=\"w-socials-item-link-hover\" style=\"background-color: #1abc9c\"><\/span><i class=\"fa fa-whatsapp\"><\/i><\/a><div class=\"w-socials-item-popup\"><span>WhatsApp<\/span><\/div><\/div><\/div><\/div><\/div><\/div><\/div><\/div><\/section>\n","protected":false},"excerpt":{"rendered":"LIFE APARELHOS AUDITIVOS A Life Aparelhos Auditivos, criada pelas\u00a0 fonoaudi\u00f3logas Amanda Machado e Let\u00edcia Pulla, nasceu com a miss\u00e3o de proporcionar maior qualidade de vida aos seus clientes atrav\u00e9s do cuidado e da valoriza\u00e7\u00e3o da sa\u00fade auditiva. Formadas em 2005\u00a0 pelo IPA - POA, as duas profissionais possuem especializa\u00e7\u00e3o em audiologia cl\u00ednica e ocupacional. Desde...","protected":false},"author":1,"featured_media":0,"parent":0,"menu_order":0,"comment_status":"closed","ping_status":"closed","template":"","meta":{"footnotes":""},"class_list":["post-25","page","type-page","status-publish","hentry"],"yoast_head":"<!-- This site is optimized with the Yoast SEO plugin v20.7 - https:\/\/yoast.com\/wordpress\/plugins\/seo\/ -->\n<title>- Life Audiologia | Aparelhos Auditivos<\/title>\n<meta name=\"description\" content=\"Fonoaudi\u00f3logas especialistas em Reabilita\u00e7\u00e3o Auditiva. Os melhores aparelhos auditivos do mercado, confort\u00e1veis, discretos e simples de usar.\" \/>\n<meta name=\"robots\" content=\"index, follow, max-snippet:-1, max-image-preview:large, max-video-preview:-1\" \/>\n<link rel=\"canonical\" href=\"https:\/\/www.lifeaudiologia.com.br\/?page_id=25\" \/>\n<meta property=\"og:locale\" content=\"pt_BR\" \/>\n<meta property=\"og:type\" content=\"article\" \/>\n<meta property=\"og:title\" content=\"- Life Audiologia | Aparelhos Auditivos\" \/>\n<meta property=\"og:description\" content=\"Fonoaudi\u00f3logas especialistas em Reabilita\u00e7\u00e3o Auditiva. Os melhores aparelhos auditivos do mercado, confort\u00e1veis, discretos e simples de usar.\" \/>\n<meta property=\"og:url\" content=\"https:\/\/www.lifeaudiologia.com.br\/?page_id=25\" \/>\n<meta property=\"og:site_name\" content=\"Life Audiologia | Aparelhos Auditivos\" \/>\n<meta property=\"article:modified_time\" content=\"2024-09-11T16:51:47+00:00\" \/>\n<meta name=\"twitter:card\" content=\"summary_large_image\" \/>\n<meta name=\"twitter:label1\" content=\"Est. tempo de leitura\" \/>\n\t<meta name=\"twitter:data1\" content=\"2 minutos\" \/>\n<script type=\"application\/ld+json\" class=\"yoast-schema-graph\">{\"@context\":\"https:\/\/schema.org\",\"@graph\":[{\"@type\":\"WebPage\",\"@id\":\"https:\/\/www.lifeaudiologia.com.br\/?page_id=25\",\"url\":\"https:\/\/www.lifeaudiologia.com.br\/?page_id=25\",\"name\":\"- Life Audiologia | Aparelhos Auditivos\",\"isPartOf\":{\"@id\":\"https:\/\/www.lifeaudiologia.com.br\/#website\"},\"datePublished\":\"2019-03-30T21:58:36+00:00\",\"dateModified\":\"2024-09-11T16:51:47+00:00\",\"description\":\"Fonoaudi\u00f3logas especialistas em Reabilita\u00e7\u00e3o Auditiva. Os melhores aparelhos auditivos do mercado, confort\u00e1veis, discretos e simples de usar.\",\"breadcrumb\":{\"@id\":\"https:\/\/www.lifeaudiologia.com.br\/?page_id=25#breadcrumb\"},\"inLanguage\":\"pt-BR\",\"potentialAction\":[{\"@type\":\"ReadAction\",\"target\":[\"https:\/\/www.lifeaudiologia.com.br\/?page_id=25\"]}]},{\"@type\":\"BreadcrumbList\",\"@id\":\"https:\/\/www.lifeaudiologia.com.br\/?page_id=25#breadcrumb\",\"itemListElement\":[{\"@type\":\"ListItem\",\"position\":1,\"name\":\"In\u00edcio\",\"item\":\"https:\/\/www.lifeaudiologia.com.br\/\"},{\"@type\":\"ListItem\",\"position\":2,\"name\":\"LIFE APARELHOS AUDITIVOS\"}]},{\"@type\":\"WebSite\",\"@id\":\"https:\/\/www.lifeaudiologia.com.br\/#website\",\"url\":\"https:\/\/www.lifeaudiologia.com.br\/\",\"name\":\"Life Audiologia | Aparelhos Auditivos\",\"description\":\"As Melhores solu\u00e7\u00f5es em aparelhos auditivos!\",\"potentialAction\":[{\"@type\":\"SearchAction\",\"target\":{\"@type\":\"EntryPoint\",\"urlTemplate\":\"https:\/\/www.lifeaudiologia.com.br\/?s={search_term_string}\"},\"query-input\":\"required name=search_term_string\"}],\"inLanguage\":\"pt-BR\"}]}<\/script>\n<!-- \/ Yoast SEO plugin. -->","yoast_head_json":{"title":"- Life Audiologia | Aparelhos Auditivos","description":"Fonoaudi\u00f3logas especialistas em Reabilita\u00e7\u00e3o Auditiva. Os melhores aparelhos auditivos do mercado, confort\u00e1veis, discretos e simples de usar.","robots":{"index":"index","follow":"follow","max-snippet":"max-snippet:-1","max-image-preview":"max-image-preview:large","max-video-preview":"max-video-preview:-1"},"canonical":"https:\/\/www.lifeaudiologia.com.br\/?page_id=25","og_locale":"pt_BR","og_type":"article","og_title":"- Life Audiologia | Aparelhos Auditivos","og_description":"Fonoaudi\u00f3logas especialistas em Reabilita\u00e7\u00e3o Auditiva. Os melhores aparelhos auditivos do mercado, confort\u00e1veis, discretos e simples de usar.","og_url":"https:\/\/www.lifeaudiologia.com.br\/?page_id=25","og_site_name":"Life Audiologia | Aparelhos Auditivos","article_modified_time":"2024-09-11T16:51:47+00:00","twitter_card":"summary_large_image","twitter_misc":{"Est. tempo de leitura":"2 minutos"},"schema":{"@context":"https:\/\/schema.org","@graph":[{"@type":"WebPage","@id":"https:\/\/www.lifeaudiologia.com.br\/?page_id=25","url":"https:\/\/www.lifeaudiologia.com.br\/?page_id=25","name":"- Life Audiologia | Aparelhos Auditivos","isPartOf":{"@id":"https:\/\/www.lifeaudiologia.com.br\/#website"},"datePublished":"2019-03-30T21:58:36+00:00","dateModified":"2024-09-11T16:51:47+00:00","description":"Fonoaudi\u00f3logas especialistas em Reabilita\u00e7\u00e3o Auditiva. Os melhores aparelhos auditivos do mercado, confort\u00e1veis, discretos e simples de usar.","breadcrumb":{"@id":"https:\/\/www.lifeaudiologia.com.br\/?page_id=25#breadcrumb"},"inLanguage":"pt-BR","potentialAction":[{"@type":"ReadAction","target":["https:\/\/www.lifeaudiologia.com.br\/?page_id=25"]}]},{"@type":"BreadcrumbList","@id":"https:\/\/www.lifeaudiologia.com.br\/?page_id=25#breadcrumb","itemListElement":[{"@type":"ListItem","position":1,"name":"In\u00edcio","item":"https:\/\/www.lifeaudiologia.com.br\/"},{"@type":"ListItem","position":2,"name":"LIFE APARELHOS AUDITIVOS"}]},{"@type":"WebSite","@id":"https:\/\/www.lifeaudiologia.com.br\/#website","url":"https:\/\/www.lifeaudiologia.com.br\/","name":"Life Audiologia | Aparelhos Auditivos","description":"As Melhores solu\u00e7\u00f5es em aparelhos auditivos!","potentialAction":[{"@type":"SearchAction","target":{"@type":"EntryPoint","urlTemplate":"https:\/\/www.lifeaudiologia.com.br\/?s={search_term_string}"},"query-input":"required name=search_term_string"}],"inLanguage":"pt-BR"}]}},"_links":{"self":[{"href":"https:\/\/www.lifeaudiologia.com.br\/index.php?rest_route=\/wp\/v2\/pages\/25","targetHints":{"allow":["GET"]}}],"collection":[{"href":"https:\/\/www.lifeaudiologia.com.br\/index.php?rest_route=\/wp\/v2\/pages"}],"about":[{"href":"https:\/\/www.lifeaudiologia.com.br\/index.php?rest_route=\/wp\/v2\/types\/page"}],"author":[{"embeddable":true,"href":"https:\/\/www.lifeaudiologia.com.br\/index.php?rest_route=\/wp\/v2\/users\/1"}],"replies":[{"embeddable":true,"href":"https:\/\/www.lifeaudiologia.com.br\/index.php?rest_route=%2Fwp%2Fv2%2Fcomments&post=25"}],"version-history":[{"count":7,"href":"https:\/\/www.lifeaudiologia.com.br\/index.php?rest_route=\/wp\/v2\/pages\/25\/revisions"}],"predecessor-version":[{"id":1351,"href":"https:\/\/www.lifeaudiologia.com.br\/index.php?rest_route=\/wp\/v2\/pages\/25\/revisions\/1351"}],"wp:attachment":[{"href":"https:\/\/www.lifeaudiologia.com.br\/index.php?rest_route=%2Fwp%2Fv2%2Fmedia&parent=25"}],"curies":[{"name":"wp","href":"https:\/\/api.w.org\/{rel}","templated":true}]}}